{"id":14235,"date":"2021-05-21T08:49:10","date_gmt":"2021-05-21T06:49:10","guid":{"rendered":"https:\/\/www.letamerici.it\/cecina-villas\/"},"modified":"2021-05-21T09:34:24","modified_gmt":"2021-05-21T07:34:24","slug":"cecina-villen","status":"publish","type":"page","link":"https:\/\/www.letamerici.it\/de\/cecina-villen\/","title":{"rendered":"Cecina Villen"},"content":{"rendered":"<p>[vc_row css=&#8220;.vc_custom_1615892190091{padding-bottom: 50px !important;}&#8220;][vc_column][vc_custom_heading text=&#8220;WO \u00dcBERNACHTEN&#8220; font_container=&#8220;tag:h4|font_size:16|text_align:center&#8220; use_theme_fonts=&#8220;yes&#8220; css=&#8220;.vc_custom_1621582402482{padding-bottom: 8px !important;}&#8220;][vc_separator color=&#8220;sky&#8220; el_width=&#8220;10&#8243;][vc_custom_heading text=&#8220;Cecina Villen&#8220; font_container=&#8220;tag:h2|text_align:center&#8220; use_theme_fonts=&#8220;yes&#8220; css=&#8220;.vc_custom_1621582417696{padding-top: 13px !important;}&#8220;][vc_empty_space][\/vc_column][\/vc_row][vc_row content_placement=&#8220;middle&#8220; css=&#8220;.vc_custom_1621582151110{padding-bottom: 50px !important;}&#8220;][vc_column width=&#8220;1\/2&#8243;][vc_empty_space][vc_column_text]Die drei <strong>&#8222;Di Toscana Holidays&#8220;<\/strong> -Villen befinden sich in <strong>Cecina,<\/strong> innerhalb der <strong>Toscana Biovillage-Struktur<\/strong>, und sind bequeme und komfortable H\u00e4user inmitten der gr\u00fcnen Landschaft, nur wenige Kilometer vom Meer entfernt.<\/p>\n<p>&nbsp;<\/p>\n<p><strong>Superior Apartments f\u00fcr 4 Personen:<\/strong> Dreizimmerwohnungen mit Wohnzimmer, K\u00fcche kompl. mit Mikrowelle und Geschirrsp\u00fcler, Sat-TV, ein Schlafzimmer mit Einzelbett, ein Doppelzimmer mit Whirlpool Wanne, eine Veranda mit Einzelschlafsofa, Badezimmer mit Dusche.<\/p>\n<p>&nbsp;<\/p>\n<p><strong>Deluxe-Apartment f\u00fcr 6 Personen:<\/strong> Dreizimmerwohnung mit Wohnzimmer, K\u00fcche kompl. mit Mikrowelle und Geschirrsp\u00fcler, Sat-TV, ein Schlafzimmer mit Doppelbett, ein Schlafzimmer mit Doppelbett mit Whirlpool Wanne und eigenem Bad, eine Veranda mit Doppelschlafsofa, Badezimmer mit Dusche.<\/p>\n<p>&nbsp;<\/p>\n<p>Alle H\u00e4user sind klimatisiert und mit WLAN ausgestattet (au\u00dferhalb des Apartments).<br \/>\nDie Villen \u00f6ffnen sich auf eine Terrasse und bieten einen entspannenden Blick auf den Garten.<\/p>\n<p>&nbsp;<\/p>\n<p>Innerhalb der Residenz Toscana Biovillage steht unseren Kunden der Pool zur Verf\u00fcgung mit saisonaler \u00d6ffnung.<\/p>\n<p>&nbsp;<\/p>\n<p>Die Villen von Di Toscana Holidays befinden sich inmitten der ruhigen Landschaft ausgesetzt dem Duft von Olivenb\u00e4umen, Zypressen und Obstb\u00e4umen und nur 10 Minuten vom Meer entfernt.<br \/>\nIdeal f\u00fcr Ferien von Paaren oder Familien, um einen angenehmen und erholsamen Aufenthalt zu genie\u00dfen oder die bezaubernde Umgebung entlang der etruskischen K\u00fcste und zwischen den gr\u00fcnen H\u00fcgeln der Toskana kennenzulernen.[\/vc_column_text][\/vc_column][vc_column width=&#8220;1\/2&#8243;][vc_single_image image=&#8220;14199&#8243; img_size=&#8220;large&#8220; alignment=&#8220;center&#8220;][vc_row_inner css=&#8220;.vc_custom_1621582157600{padding-top: 30px !important;padding-bottom: 30px !important;}&#8220;][vc_column_inner][vc_column_text]<\/p>\n<h3 style=\"text-align: center;\"><strong>F\u00fcr Angebote und Informationen:<\/strong><\/h3>\n<p>&nbsp;<\/p>\n<p style=\"text-align: center;\"><a href=\"mailto:ditoscanaholidays@gmail.com\">ditoscanaholidays@gmail.com<\/a><br \/>\n<a href=\"tel:+393335033438\">333.5033438<\/a> &#8211; Antonella<\/p>\n<p style=\"text-align: center;\">Di Toscana Holidays<br \/>\n<a href=\"https:\/\/goo.gl\/maps\/GXYnwMBQUkySJdNY9\">Via Gorizia 2, 57023 Cecina (Livorno)<\/a><\/p>\n<p>[\/vc_column_text][\/vc_column_inner][\/vc_row_inner][vc_raw_html]JTNDaWZyYW1lJTIwc3JjJTNEJTIyaHR0cHMlM0ElMkYlMkZ3d3cuZ29vZ2xlLmNvbSUyRm1hcHMlMkZlbWJlZCUzRnBiJTNEJTIxMW0xOCUyMTFtMTIlMjExbTMlMjExZDI5MDEuOTQ5OTMwOTA0NDQ1JTIxMmQxMC41Mjg0MDYyNTE3MjM5MTElMjEzZDQzLjMzNjIzNjc3OTAzMDk1NSUyMTJtMyUyMTFmMCUyMTJmMCUyMTNmMCUyMTNtMiUyMTFpMTAyNCUyMTJpNzY4JTIxNGYxMy4xJTIxM20zJTIxMW0yJTIxMXMweDEyZDVmZTc4OGViNmFjM2QlMjUzQTB4YTI2ZWYwMzk2ZGVkNjlhJTIxMnNWaWElMjUyMEdvcml6aWElMjUyQyUyNTIwMiUyNTJDJTI1MjA1NzAyMyUyNTIwQ2VjaW5hJTI1MjBMSSUyMTVlMCUyMTNtMiUyMTFzaXQlMjEyc2l0JTIxNHYxNjIxNTgwMDc3NjUzJTIxNW0yJTIxMXNpdCUyMTJzaXQlMjIlMjB3aWR0aCUzRCUyMjYwMCUyMiUyMGhlaWdodCUzRCUyMjI1MCUyMiUyMHN0eWxlJTNEJTIyYm9yZGVyJTNBMCUzQiUyMiUyMGFsbG93ZnVsbHNjcmVlbiUzRCUyMiUyMiUyMGxvYWRpbmclM0QlMjJsYXp5JTIyJTNFJTNDJTJGaWZyYW1lJTNF[\/vc_raw_html][\/vc_column][\/vc_row][vc_row][vc_column][vc_masonry_media_grid element_width=&#8220;3&#8243; grid_id=&#8220;vc_gid:1621582381261-d71333fe-007e-4&#8243; include=&#8220;14190,14220,14217,14214,14211,14208,14205,14202,14196,14193&#8243;][\/vc_column][\/vc_row]<\/p>\n","protected":false},"excerpt":{"rendered":"<p>[vc_row css=&#8220;.vc_custom_1615892190091{padding-bottom: 50px !important;}&#8220;][vc_column][vc_custom_heading text=&#8220;WO \u00dcBERNACHTEN&#8220; font_container=&#8220;tag:h4|font_size:16|text_align:center&#8220; use_theme_fonts=&#8220;yes&#8220; css=&#8220;.vc_custom_1621582402482{padding-bottom: 8px !important;}&#8220;][vc_separator color=&#8220;sky&#8220; el_width=&#8220;10&#8243;][vc_custom_heading text=&#8220;Cecina Villen&#8220; font_container=&#8220;tag:h2|text_align:center&#8220; use_theme_fonts=&#8220;yes&#8220; css=&#8220;.vc_custom_1621582417696{padding-top: 13px !important;}&#8220;][vc_empty_space][\/vc_column][\/vc_row][vc_row content_placement=&#8220;middle&#8220; css=&#8220;.vc_custom_1621582151110{padding-bottom: 50px !important;}&#8220;][vc_column width=&#8220;1\/2&#8243;][vc_empty_space][vc_column_text]Die drei &#8222;Di Toscana Holidays&#8220; -Villen befinden sich in Cecina, innerhalb der Toscana Biovillage-Struktur, und sind bequeme und komfortable H\u00e4user inmitten der gr\u00fcnen Landschaft, nur wenige Kilometer vom Meer entfernt. &nbsp; [&hellip;]<\/p>\n","protected":false},"author":2,"featured_media":0,"parent":0,"menu_order":0,"comment_status":"closed","ping_status":"closed","template":"","meta":{"footnotes":"","_expiration-date-status":"saved","_expiration-date":0,"_expiration-date-type":"","_expiration-date-categories":[],"_expiration-date-options":[]},"class_list":["post-14235","page","type-page","status-publish","hentry"],"_links":{"self":[{"href":"https:\/\/www.letamerici.it\/de\/wp-json\/wp\/v2\/pages\/14235","targetHints":{"allow":["GET"]}}],"collection":[{"href":"https:\/\/www.letamerici.it\/de\/wp-json\/wp\/v2\/pages"}],"about":[{"href":"https:\/\/www.letamerici.it\/de\/wp-json\/wp\/v2\/types\/page"}],"author":[{"embeddable":true,"href":"https:\/\/www.letamerici.it\/de\/wp-json\/wp\/v2\/users\/2"}],"replies":[{"embeddable":true,"href":"https:\/\/www.letamerici.it\/de\/wp-json\/wp\/v2\/comments?post=14235"}],"version-history":[{"count":3,"href":"https:\/\/www.letamerici.it\/de\/wp-json\/wp\/v2\/pages\/14235\/revisions"}],"predecessor-version":[{"id":14238,"href":"https:\/\/www.letamerici.it\/de\/wp-json\/wp\/v2\/pages\/14235\/revisions\/14238"}],"wp:attachment":[{"href":"https:\/\/www.letamerici.it\/de\/wp-json\/wp\/v2\/media?parent=14235"}],"curies":[{"name":"wp","href":"https:\/\/api.w.org\/{rel}","templated":true}]}}