{"id":12731,"date":"2021-04-12T09:26:42","date_gmt":"2021-04-12T07:26:42","guid":{"rendered":"http:\/\/nuovo.letamerici.it\/?page_id=12731"},"modified":"2023-06-08T17:28:55","modified_gmt":"2023-06-08T15:28:55","slug":"faq","status":"publish","type":"page","link":"https:\/\/www.letamerici.it\/de\/faq\/","title":{"rendered":"FAQ"},"content":{"rendered":"<p>[vc_row full_width=&#8220;stretch_row&#8220; css=&#8220;.vc_custom_1617956808285{margin-top: 0px !important;padding-top: 120px !important;padding-bottom: 120px !important;background-image: url(https:\/\/www.letamerici.it\/wp-content\/uploads\/2021\/04\/question-mark-2405197_1920-copia.jpg?id=12415) !important;background-position: center !important;background-repeat: no-repeat !important;background-size: cover !important;}&#8220; el_class=&#8220;nd_options_vc_parallax_filter_1_3&#8243;][vc_column width=&#8220;1\/6&#8243;][\/vc_column][vc_column width=&#8220;2\/3&#8243; el_class=&#8220;nd_options_text_align_center&#8220;] <h1 style=\"color:#020202;padding:px;text-align:center;font-size:50px;line-height:50px;letter-spacing: px;font-weight:normal\" class=\"  nd_options_font_size_40_important_all_iphone nd_options_first_font \">F.A.Q.<\/h1> <div style=\"background-color:;height: 30px\" class=\"nicdark_section  \"><\/div>[vc_column_text]<\/p>\n<h5 style=\"text-align: center;\">Hier finden Sie die Antwort auf die am h\u00e4ufigsten gestellten Fragen, die uns gestellt werden<\/h5>\n<p>[\/vc_column_text][\/vc_column][vc_column width=&#8220;1\/6&#8243;][\/vc_column][\/vc_row][vc_row css=&#8220;.vc_custom_1617956615780{padding-top: 50px !important;}&#8220;][vc_column width=&#8220;1\/2&#8243; el_id=&#8220;sistemazioni&#8220;][vc_custom_heading text=&#8220;UNTERK\u00dcNFTE&#8220; font_container=&#8220;tag:h2|text_align:center|color:%23020202&#8243; use_theme_fonts=&#8220;yes&#8220;][vc_separator][vc_tta_accordion style=&#8220;modern&#8220; shape=&#8220;square&#8220; color=&#8220;white&#8220; spacing=&#8220;15&#8243; active_section=&#8220;1&#8243; collapsible_all=&#8220;true&#8220;][vc_tta_section title=&#8220;Wann k\u00f6nnen wir in Mobilheimen \/ Bungalows einchecken?&#8220; tab_id=&#8220;1617955800840-43f2cba5-0b3e&#8220;][vc_column_text]Mobilheime sind ab 15 Uhr garantiert[\/vc_column_text][\/vc_tta_section][vc_tta_section title=&#8220;Wann k\u00f6nnen Mobilheime \/ Bungalows am Abreisetag verlassen werden?&#8220; tab_id=&#8220;1617955800841-9f8ef2f0-a021&#8243;][vc_column_text]Die Schl\u00fcssel m\u00fcssen bis 9.00 Uhr abgegeben werden.[\/vc_column_text][\/vc_tta_section][vc_tta_section title=&#8220;Ist es m\u00f6glich, ein Kinderbett und einen Hochstuhl zu mieten?&#8220; tab_id=&#8220;1617955800842-790cf072-f316&#8243;][vc_column_text]Ja, das Baby-Kit ist am Tag f\u00fcr 5 \u20ac oder pro Woche f\u00fcr 30 \u20ac erh\u00e4ltlich.<br \/>\nKinderbett und Hochstuhl sind buchbar und unterliegen der Verf\u00fcgbarkeit.[\/vc_column_text][\/vc_tta_section][vc_tta_section title=&#8220;Ist die Bettw\u00e4sche im Preis enthalten?&#8220; tab_id=&#8220;1617955800842-81a6951c-450f&#8220;][vc_column_text]Nein, der Mietpreis betr\u00e4gt 9\u20ac pro Person[\/vc_column_text][\/vc_tta_section][vc_tta_section title=&#8220;Sind Handt\u00fccher im Preis inbegriffen?&#8220; tab_id=&#8220;1617955800843-f3966b5e-892e&#8220;][vc_column_text]Nein. Handt\u00fccher sind nicht im Mobilheimpreis enthalten. Sie k\u00f6nnen diese an der Rezeption f\u00fcr 6,00 \u20ac pro Person mieten.[\/vc_column_text][\/vc_tta_section][vc_tta_section title=&#8220;Kann der Grill in Mobilheimen \/ Bungalows verwendet werden?&#8220; tab_id=&#8220;1617955800844-26b8b390-5546&#8243;][vc_column_text]Nein. Es stehen f\u00fcr unsere Kunden allgemeine Grillpl\u00e4tze zur Verf\u00fcgung[\/vc_column_text][\/vc_tta_section][vc_tta_section title=&#8220;Ist die Endreinigung im Preis des Aufenthalts enthalten?&#8220; tab_id=&#8220;1617955800845-42ee461c-52a9&#8243;][vc_column_text]Ja, sie ist im Preis des Aufenthalts enthalten.[\/vc_column_text][\/vc_tta_section][vc_tta_section title=&#8220;Ist das Rauchen in den Mobilheimen \/ Bungalows erlaubt?&#8220; tab_id=&#8220;1617955800845-49da07ec-ebd2&#8243;][vc_column_text]Nein, das ist verboten. Wir bitten Sie, die Au\u00dfenbereiche zu benutzen.[\/vc_column_text][\/vc_tta_section][vc_tta_section title=&#8220;Wann muss ich den Aufenthalt bezahlen?&#8220; tab_id=&#8220;1617955800846-5ac2768c-1994&#8243;][vc_column_text]Die Zahlung f\u00fcr den gesamten Aufenthalt erfolgt bei der Ankunft.[\/vc_column_text][\/vc_tta_section][vc_tta_section title=&#8220;Ist es m\u00f6glich, Tiere in Mobilheime mitzubringen?&#8220; tab_id=&#8220;1617955800847-510247ea-bfe5&#8243;][vc_column_text]Nur in einigen Typologien von Mobilheimen sind kleine Hunde gegen Geb\u00fchr erlaubt. Kontaktieren Sie die Rezeption f\u00fcr weitere Informationen.[\/vc_column_text][\/vc_tta_section][vc_tta_section title=&#8220;Ist es m\u00f6glich, Tiere in die Bungalows zu bringen?&#8220; tab_id=&#8220;1617955800847-c353009b-761e&#8220;][vc_column_text]Ja, das ist gegen eine Geb\u00fchr m\u00f6glich.[\/vc_column_text][\/vc_tta_section][\/vc_tta_accordion][\/vc_column][vc_column width=&#8220;1\/2&#8243; el_id=&#8220;varie&#8220;][vc_custom_heading text=&#8220;VERSCHIEDENES&#8220; font_container=&#8220;tag:h2|text_align:center|color:%23020202&#8243; use_theme_fonts=&#8220;yes&#8220;][vc_separator][vc_tta_accordion style=&#8220;modern&#8220; shape=&#8220;square&#8220; color=&#8220;white&#8220; spacing=&#8220;15&#8243; active_section=&#8220;1&#8243; collapsible_all=&#8220;true&#8220;][vc_tta_section title=&#8220;Wo befindet sich der Parkplatz?&#8220; tab_id=&#8220;1617953957087-d0bc9c85-0e98&#8243;][vc_column_text]Der unbeaufsichtigte Privatparkplatz befindet sich au\u00dferhalb des Campingplatzes vor dem Eingang. Es ist nicht m\u00f6glich, das Auto neben dem Haus oder auf dem Stellplatz zu parken.[\/vc_column_text][\/vc_tta_section][vc_tta_section title=&#8220;Wo finde ich die Campingbestimmungen?&#8220; tab_id=&#8220;1617953957087-ff603ab7-129f&#8220;][vc_column_text]Die Verordnung kann hier heruntergeladen <a href=\"https:\/\/www.letamerici.it\/wp-content\/uploads\/2021\/04\/Regolamento-D-New-Camping-Le-Tamerici.pdf\">werden<\/a>[\/vc_column_text][vc_icon icon_fontawesome=&#8220;far fa-file-pdf&#8220; align=&#8220;center&#8220; link=&#8220;url:https%3A%2F%2Fwww.letamerici.it%2Fwp-content%2Fuploads%2F2021%2F04%2FRegolamento-D-New-Camping-Le-Tamerici.pdf&#8220;][\/vc_tta_section][vc_tta_section title=&#8220;Gibt es auf dem Campingplatz einen Fahrradverleih?&#8220; tab_id=&#8220;1617954040489-e5635501-4501&#8243;][vc_column_text]Ja, es ist m\u00f6glich, Fahrr\u00e4der im Bazar auf dem Campingplatz zu mieten[\/vc_column_text][\/vc_tta_section][vc_tta_section title=&#8220;Wird der Urlaubsbonus akzeptiert?&#8220; tab_id=&#8220;1617954059113-73498911-b449&#8243;][vc_column_text]Ja, wir akzeptieren den Urlaubsbonus, wie vom DL. Nr. 137 vom 28.10.2020 vorgesehen. Der Bonus kann nur in bestimmten Zeitr\u00e4umen verwendet werden. Kontaktieren Sie die Rezeption f\u00fcr weitere Informationen.[\/vc_column_text][\/vc_tta_section][vc_tta_section title=&#8220;Kann man mit dem Auto auf dem Campingplatz herumfahren?&#8220; tab_id=&#8220;1617954058064-c2e1675a-3e25&#8243;][vc_column_text]New Camping Le Tamerici ist ein Fu\u00dfg\u00e4ngerdorf. Sie k\u00f6nnen mit dem Auto nur vorfahren, um Ihr Gep\u00e4ck bei der Ankunft zu entladen und es bei der Abreise wieder aufzuladen. Um die Eink\u00e4ufe zu transportieren stehen am Eingang Schubkarren zur Verf\u00fcgung.[\/vc_column_text][\/vc_tta_section][vc_tta_section title=&#8220;Wann sind die Ruhezeiten?&#8220; tab_id=&#8220;1617954057017-32773971-4c15&#8243;][vc_column_text]Von 13 bis 15 Uhr und von 22 bis 8 Uhr sind die Tore geschlossen und Sie k\u00f6nnen sich nur zu Fu\u00df bewegen.[\/vc_column_text][\/vc_tta_section][vc_tta_section title=&#8220;Gibt es Unterhaltung mit einem Animationsteam?&#8220; tab_id=&#8220;1617954056024-2ebdb294-a970&#8243;][vc_column_text]Ja, wir haben einen Tag- und Abendunterhaltungsservice f\u00fcr Erwachsene und Kinder.[\/vc_column_text][\/vc_tta_section][vc_tta_section title=&#8220;Wann ist der Pool ge\u00f6ffnet?&#8220; tab_id=&#8220;1617954055024-c8b88bc0-9cf9&#8243;][vc_column_text]Der Pool ist t\u00e4glich von 10 bis 20 Uhr ge\u00f6ffnet[\/vc_column_text][\/vc_tta_section][vc_tta_section title=&#8220;Ist es notwendig, eine Badekappe zu tragen, um in den Pool zu gehen?&#8220; tab_id=&#8220;1617954054016-f7403b75-c40c&#8220;][vc_column_text]Nein, die Badekappe ist nicht obligatorisch[\/vc_column_text][\/vc_tta_section][vc_tta_section title=&#8220;Sind Sonnenschirme und Liegen am Pool kostenpflichtig?&#8220; tab_id=&#8220;1617954052968-814d5b9c-9022&#8243;][vc_column_text]Ja, die Kosten betragen 2 \u20ac pro Tag f\u00fcr den Sonnenschirm und 2 \u20ac pro Tag f\u00fcr die Sonnenliege. Die Zahlung erfolgt an den Bademeister. F\u00fcr Wochen- oder Monatskarten wenden Sie sich bitte an die Rezeption.[\/vc_column_text][\/vc_tta_section][vc_tta_section title=&#8220;Wie weit ist der Strand?&#8220; tab_id=&#8220;1617954051904-b12c68a6-1a31&#8243;][vc_column_text]Der Strand ist 600 Meter entfernt. \u00dcberqueren Sie den Parkplatz des Campingplatzes und betreten Sie den Kiefernwald von Marina di Cecina. Der Strand vor dem Campingplatz ist kostenlos und nicht ausgestattet.<br \/>\nEntlang der K\u00fcste von Marina di Cecina, etwa 1 km vom Campingplatz entfernt, gibt es zahlreiche Badeanstalten, in denen Sonnenschirme und Sonnenliegen gemietet werden k\u00f6nnen.[\/vc_column_text][\/vc_tta_section][vc_tta_section title=&#8220;Wo kann ich die W\u00e4sche waschen und trocknen?&#8220; tab_id=&#8220;1619507184858-af65fe86-f7c5&#8243;][vc_column_text]In den Toilettenblocks 1, 2 und 3 gibt es m\u00fcnzbetriebene Waschmaschinen und Trockner. Die M\u00fcnzen k\u00f6nnen im Minimarkt gekauft werden.[\/vc_column_text][\/vc_tta_section][vc_tta_section title=&#8220;Kann ich den Campingplatz besuchen?&#8220; tab_id=&#8220;1619507196725-9748d472-d56b&#8220;][vc_column_text]Ja das ist m\u00f6glich. Sie k\u00f6nnen Ihre Ausweise an der Rezeption hinterlassen und den Campingplatz zu besuchen (max. 1 Stunde).[\/vc_column_text][\/vc_tta_section][vc_tta_section title=&#8220;Ist es m\u00f6glich, Verwandte und Freunde zu besuchen, die bereits auf dem Campingplatz anwesend sind?&#8220; tab_id=&#8220;1619507207763-1b0dbfa7-5a51&#8243;][vc_column_text]Ja. Es ist erforderlich, an der Rezeption einen Ausweis zu hinterlassen. Der Zugang ist nur zu Fu\u00df erlaubt. Der Aufenthalt auf dem Campingplatz ist f\u00fcr eine Stunde kostenlos. Bei einem Aufenthalt von mehr als einer Stunde wird der Tagessatz f\u00fcr Besucher angewendet.<br \/>\nNur registrierte und zahlende Besucher k\u00f6nnen in den Pool.[\/vc_column_text][\/vc_tta_section][vc_tta_section title=&#8220;Gibt es einen Wi-Fi-Bereich?&#8220; tab_id=&#8220;1619507218119-1ac0fc75-6abe&#8220;][vc_column_text]Ja, Sie k\u00f6nnen den WLAN-Service kostenlos an der Rezeption, im Restaurant und in der Bar benutzen. Informationen erhalten Sie an der Rezeption[\/vc_column_text][\/vc_tta_section][\/vc_tta_accordion][\/vc_column][\/vc_row][vc_row css=&#8220;.vc_custom_1617956814768{padding-top: 50px !important;padding-bottom: 50px !important;}&#8220;][vc_column width=&#8220;1\/2&#8243; el_id=&#8220;piazzole&#8220;][vc_custom_heading text=&#8220;CAMPING STELLPL\u00c4TZE&#8220; font_container=&#8220;tag:h2|text_align:center|color:%23020202&#8243; use_theme_fonts=&#8220;yes&#8220;][vc_separator][vc_tta_accordion style=&#8220;modern&#8220; shape=&#8220;square&#8220; color=&#8220;white&#8220; spacing=&#8220;15&#8243; active_section=&#8220;1&#8243; collapsible_all=&#8220;true&#8220;][vc_tta_section title=&#8220;Sind die Stellpl\u00e4tze schattiert?&#8220; tab_id=&#8220;1617956211900-d3b04188-9485&#8243;][vc_column_text]Fast alle unsere Stellpl\u00e4tze haben nat\u00fcrlichen Schatten.[\/vc_column_text][\/vc_tta_section][vc_tta_section title=&#8220;Ist Strom in den Kosten des Stellplatzes mitenthalten?&#8220; tab_id=&#8220;1617956211901-7bffb280-e403&#8243;][vc_column_text]Ja. Der f\u00fcr die Kunden verf\u00fcgbare Strom ist in H\u00f6he von 6 Ampere.[\/vc_column_text][\/vc_tta_section][vc_tta_section title=&#8220;Wann m\u00fcssen die Stellpl\u00e4tze ger\u00e4umt werden?&#8220; tab_id=&#8220;1617956211902-fa2d6b2a-5f85&#8243;][vc_column_text]Die Stellpl\u00e4tze m\u00fcssen am Abreisetag bis 12.00 Uhr ger\u00e4umt werden.[\/vc_column_text][\/vc_tta_section][vc_tta_section title=&#8220;Kann der Grill auf dem Stellplatz verwendet werden?&#8220; tab_id=&#8220;1617956211903-68faf102-b324&#8243;][vc_column_text]Nein. Es gibt gemeinsame Grillpl\u00e4tze, wo unsere Kunden grillen k\u00f6nnen.[\/vc_column_text][\/vc_tta_section][vc_tta_section title=&#8220;Wann muss ich den Aufenthalt bezahlen?&#8220; tab_id=&#8220;1617956211904-6dc8ad51-5932&#8243;][vc_column_text]Die Zahlung f\u00fcr den gesamten Aufenthalt erfolgt bei der Ankunft. F\u00fcr Camping empfehlen wir, nur f\u00fcr die sicheren N\u00e4chte zu bezahlen und diese eventuell zu verl\u00e4ngern (je nach Verf\u00fcgbarkeit).[\/vc_column_text][\/vc_tta_section][vc_tta_section title=&#8220;Sind Hunde auf dem Campingplatz erlaubt?&#8220; tab_id=&#8220;1617956211905-8dd6ce3e-1d85&#8243;][vc_column_text]Ja, Haustiere sind auf dem Campingplatz erlaubt. Hunde m\u00fcssen immer an der Leine gef\u00fchrt werden und alle Pflichtimpfungen gemacht haben.<br \/>\nDie Regeln m\u00fcssen bei der Ankunft akzeptiert und unterschrieben werden.[\/vc_column_text][vc_icon icon_fontawesome=&#8220;far fa-file-pdf&#8220; align=&#8220;center&#8220; link=&#8220;url:https%3A%2F%2Fwww.letamerici.it%2Fwp-content%2Fuploads%2F2021%2F04%2Fregolamento-animali-D.pdf&#8220;][vc_column_text]<\/p>\n<p style=\"text-align: center;\"><a href=\"https:\/\/www.letamerici.it\/wp-content\/uploads\/2021\/04\/regolamento-animali-D.pdf\">clicca qui per il regolamento<\/a><\/p>\n<p>[\/vc_column_text][\/vc_tta_section][vc_tta_section title=&#8220;Wo kann ich die Chemietoilette leeren?&#8220; tab_id=&#8220;1619507032714-83fefac8-e8e0&#8243;][vc_column_text]In den Toilettenbl\u00f6cken, in denen sich das chemische Toilettenschild befindet.[\/vc_column_text][\/vc_tta_section][\/vc_tta_accordion][\/vc_column][vc_column width=&#8220;1\/2&#8243; el_id=&#8220;animali&#8220;][vc_custom_heading text=&#8220;TIERE&#8220; font_container=&#8220;tag:h2|text_align:center|color:%23020202&#8243; use_theme_fonts=&#8220;yes&#8220;][vc_separator][vc_tta_accordion style=&#8220;modern&#8220; shape=&#8220;square&#8220; color=&#8220;white&#8220; spacing=&#8220;15&#8243; active_section=&#8220;1&#8243; collapsible_all=&#8220;true&#8220;][vc_tta_section title=&#8220;Sind Hunde auf dem Campingplatz erlaubt?&#8220; tab_id=&#8220;1617956211911-43b6b820-8344&#8243;][vc_column_text]Ja, Haustiere sind auf den Campingpl\u00e4tzen erlaubt. Hunde m\u00fcssen immer an der Leine gef\u00fchrt werden und m\u00fcssen \u00fcber alle Impfungen verf\u00fcgen.<br \/>\nDie Regeln m\u00fcssen bei der Ankunft akzeptiert und unterschrieben werden.[\/vc_column_text][vc_icon icon_fontawesome=&#8220;far fa-file-pdf&#8220; align=&#8220;center&#8220; link=&#8220;url:https%3A%2F%2Fwww.letamerici.it%2Fwp-content%2Fuploads%2F2021%2F04%2Fregolamento-animali-D.pdf&#8220;][\/vc_tta_section][vc_tta_section title=&#8220;Ist es m\u00f6glich, Tiere in Mobilheime zu bringen?&#8220; tab_id=&#8220;1617956211912-1ee5b096-d7e9&#8243;][vc_column_text]Nur in einigen Typologien von Mobilheimen sind kleine Hunde gegen Geb\u00fchr erlaubt. Kontaktieren Sie die Rezeption f\u00fcr weitere Informationen.[\/vc_column_text][\/vc_tta_section][vc_tta_section title=&#8220;Sind Hunde im Poolbereich erlaubt?&#8220; tab_id=&#8220;1617956211913-bd38722f-c1f8&#8243;][vc_column_text]Hunde haben einen f\u00fcr sie gut ausgeschilderten reservierten Hundebereich im gr\u00fcnen Areal am Pool. Es ist nicht m\u00f6glich, sie im Rest des Solariums laufen zu lassen[\/vc_column_text][\/vc_tta_section][vc_tta_section title=&#8220;Gibt es einen Hundestrand?&#8220; tab_id=&#8220;1617956211913-c602dd5e-c058&#8243;][vc_column_text]Der Hundestrand liegt ca. 2 km vom Campingplatz entfernt und kann zu Fu\u00df oder mit dem Fahrrad durch den Kiefernwald erreicht werden.[\/vc_column_text][\/vc_tta_section][\/vc_tta_accordion][\/vc_column][\/vc_row]<\/p>\n","protected":false},"excerpt":{"rendered":"<p>[vc_row full_width=&#8220;stretch_row&#8220; css=&#8220;.vc_custom_1617956808285{margin-top: 0px !important;padding-top: 120px !important;padding-bottom: 120px !important;background-image: url(https:\/\/www.letamerici.it\/wp-content\/uploads\/2021\/04\/question-mark-2405197_1920-copia.jpg?id=12415) !important;background-position: center !important;background-repeat: no-repeat !important;background-size: cover !important;}&#8220; el_class=&#8220;nd_options_vc_parallax_filter_1_3&#8243;][vc_column width=&#8220;1\/6&#8243;][\/vc_column][vc_column width=&#8220;2\/3&#8243; el_class=&#8220;nd_options_text_align_center&#8220;][vc_column_text] Hier finden Sie die Antwort auf die am h\u00e4ufigsten gestellten Fragen, die uns gestellt werden [\/vc_column_text][\/vc_column][vc_column width=&#8220;1\/6&#8243;][\/vc_column][\/vc_row][vc_row css=&#8220;.vc_custom_1617956615780{padding-top: 50px !important;}&#8220;][vc_column width=&#8220;1\/2&#8243; el_id=&#8220;sistemazioni&#8220;][vc_custom_heading text=&#8220;UNTERK\u00dcNFTE&#8220; font_container=&#8220;tag:h2|text_align:center|color:%23020202&#8243; use_theme_fonts=&#8220;yes&#8220;][vc_separator][vc_tta_accordion style=&#8220;modern&#8220; shape=&#8220;square&#8220; color=&#8220;white&#8220; spacing=&#8220;15&#8243; active_section=&#8220;1&#8243; collapsible_all=&#8220;true&#8220;][vc_tta_section title=&#8220;Wann k\u00f6nnen wir [&hellip;]<\/p>\n","protected":false},"author":1,"featured_media":0,"parent":0,"menu_order":0,"comment_status":"closed","ping_status":"closed","template":"","meta":{"footnotes":"","_expiration-date-status":"","_expiration-date":0,"_expiration-date-type":"","_expiration-date-categories":[],"_expiration-date-options":[]},"class_list":["post-12731","page","type-page","status-publish","hentry"],"_links":{"self":[{"href":"https:\/\/www.letamerici.it\/de\/wp-json\/wp\/v2\/pages\/12731","targetHints":{"allow":["GET"]}}],"collection":[{"href":"https:\/\/www.letamerici.it\/de\/wp-json\/wp\/v2\/pages"}],"about":[{"href":"https:\/\/www.letamerici.it\/de\/wp-json\/wp\/v2\/types\/page"}],"author":[{"embeddable":true,"href":"https:\/\/www.letamerici.it\/de\/wp-json\/wp\/v2\/users\/1"}],"replies":[{"embeddable":true,"href":"https:\/\/www.letamerici.it\/de\/wp-json\/wp\/v2\/comments?post=12731"}],"version-history":[{"count":3,"href":"https:\/\/www.letamerici.it\/de\/wp-json\/wp\/v2\/pages\/12731\/revisions"}],"predecessor-version":[{"id":24937,"href":"https:\/\/www.letamerici.it\/de\/wp-json\/wp\/v2\/pages\/12731\/revisions\/24937"}],"wp:attachment":[{"href":"https:\/\/www.letamerici.it\/de\/wp-json\/wp\/v2\/media?parent=12731"}],"curies":[{"name":"wp","href":"https:\/\/api.w.org\/{rel}","templated":true}]}}