{"id":12703,"date":"2021-04-12T09:25:18","date_gmt":"2021-04-12T07:25:18","guid":{"rendered":"http:\/\/nuovo.letamerici.it\/?page_id=12703"},"modified":"2021-04-13T14:43:42","modified_gmt":"2021-04-13T12:43:42","slug":"sport-und-unterhaltung","status":"publish","type":"page","link":"https:\/\/www.letamerici.it\/de\/sport-und-unterhaltung\/","title":{"rendered":"Sport und Unterhaltung"},"content":{"rendered":"<p>[vc_row full_width=&#8220;stretch_row_content_no_spaces&#8220; css=&#8220;.vc_custom_1616666806128{background-image: url(https:\/\/www.letamerici.it\/wp-content\/uploads\/2021\/03\/valentin-balan-pbtwM_l6F9I-unsplash.jpg?id=12392) !important;background-position: center !important;background-repeat: no-repeat !important;background-size: cover !important;}&#8220; el_class=&#8220;nd_options_overflow_visible_important&#8220;][vc_column][vc_row_inner css=&#8220;.vc_custom_1486118361106{padding-top: 100px !important;padding-bottom: 100px !important;}&#8220; el_class=&#8220;nd_options_bg_greydark_alpha_gradient_3&#8243;][vc_column_inner width=&#8220;1\/3&#8243;][\/vc_column_inner][vc_column_inner width=&#8220;1\/3&#8243; css=&#8220;.vc_custom_1486118458781{padding: 20px !important;}&#8220;] <h1 style=\"color:#ffffff;padding:px;text-align:center;font-size:55px;line-height:55px;letter-spacing: px;font-weight:normal\" class=\"  nd_options_font_size_40_important_all_iphone nd_options_line_height_40_important_all_iphone nd_options_first_font \">SPORT UND UNTERHALTUNG<\/h1> <div style=\"background-color:;height: 20px\" class=\"nicdark_section  \"><\/div>[\/vc_column_inner][vc_column_inner width=&#8220;1\/3&#8243;][\/vc_column_inner][\/vc_row_inner][\/vc_column][\/vc_row][vc_row css=&#8220;.vc_custom_1611928841528{margin-top: 50px !important;margin-bottom: 50px !important;padding-top: 30px !important;}&#8220;][vc_column css=&#8220;.vc_custom_1486118015473{padding-right: 0px !important;padding-left: 0px !important;}&#8220;]<!--START MASONRY--><div class=\"nd_options_section nd_options_masonry_content  \">\n\n\n\t    <div class=\" nd_options_width_33_percentage nd_options_float_left nd_options_padding_15 nd_options_box_sizing_border_box nd_options_masonry_item nd_options_width_100_percentage_responsive\">\n\t\t    <div class=\"nd_options_section nd_options_border_1_solid_grey nd_options_bg_white\">\n\n\t\t        <div class=\"nd_options_section nd_options_position_relative\">\n\t\t            \n\t\t            \n\n\n\t\t  \t<div class=\"nd_options_section nd_options_position_relative\">\n\t\t        <a href=\"https:\/\/www.letamerici.it\/de\/sportliche-aktivitaeten-auf-dem-campingplatz\/\"><img decoding=\"async\" alt=\"\" class=\"nd_options_section\" src=\"https:\/\/www.letamerici.it\/wp-content\/uploads\/2021\/03\/sport-1024x669.jpg\"><\/a>\n\t\t    <\/div>\n\n\t\t  \t\n\n\t\t        <\/div>\n\n\t\t        <div class=\"nd_options_section nd_options_padding_30 nd_options_box_sizing_border_box\">\n\t\t            <h5 class=\"nd_options_margin_0_important nd_options_padding_0 nd_options_second_font nd_options_color_greydark nd_options_font_size_12 nd_options_text_transform_uppercase nd_options_letter_spacing_3 nd_options_font_weight_lighter\">Sport <\/h5>\n\n\t\t            <div class=\"nd_options_section nd_options_height_15\"><\/div>\n\t \t\t\t\t<div class=\"nd_options_section nd_options_line_height_0\"><span class=\"nd_options_display_inline_block nd_options_float_left nd_options_bg_greydark nd_options_width_30 nd_options_height_1\"><\/span><\/div>\n\t \t\t\t\t<div class=\"nd_options_section nd_options_height_15\"><\/div>\n\n\t\t            <h2 class=\"nd_options_margin_0_important nd_options_padding_0 \">Sportliche Aktivit\u00e4ten auf dem Campingplatz<\/h2>\n\t\t            <div class=\"nd_options_section nd_options_height_20\"><\/div>\n\t\t            <p class=\"nd_options_margin_0_important nd_options_padding_0\">[vc_row][vc_column][vc_column_text]Auf dem Campingplatz Le Tamerici finden Sie viele Aktivit\u00e4ten f\u00fcr Erwachsene und Kinder:[\/vc_column_text][\/vc_column][\/vc_row][vc_row][vc_column width=&#8220;1\/5&#8243;][vc_icon icon_fontawesome=&#8220;far fa-futbol&#8220; color=&#8220;custom&#8220; size=&#8220;lg&#8220; align=&#8220;center&#8220; custom_color=&#8220;#3e98f5&#8243;][vc_column_text] Fu\u00dfball [\/vc_column_text][\/vc_column][vc_column width=&#8220;1\/5&#8243;][vc_icon icon_fontawesome=&#8220;fas fa-table-tennis&#8220; color=&#8220;custom&#8220; size=&#8220;lg&#8220; align=&#8220;center&#8220; custom_color=&#8220;#3e98f5&#8243;][vc_column_text] Tennis [\/vc_column_text][\/vc_column][vc_column width=&#8220;1\/5&#8243;][vc_icon icon_fontawesome=&#8220;fas fa-bicycle&#8220; color=&#8220;custom&#8220; size=&#8220;lg&#8220; align=&#8220;center&#8220; custom_color=&#8220;#3e98f5&#8243;][vc_column_text] Fahrradverleih [\/vc_column_text][\/vc_column][vc_column width=&#8220;1\/5&#8243;][vc_icon icon_fontawesome=&#8220;fas fa-volleyball-ball&#8220; color=&#8220;custom&#8220; size=&#8220;lg&#8220; align=&#8220;center&#8220; custom_color=&#8220;#3e98f5&#8243;][vc_column_text] Beach-Volleyball [\/vc_column_text][\/vc_column][vc_column width=&#8220;1\/5&#8243;][vc_icon icon_fontawesome=&#8220;fas fa-circle&#8220; color=&#8220;custom&#8220; size=&#8220;lg&#8220; align=&#8220;center&#8220; [&hellip;]<\/p>\n\t\t            <div class=\"nd_options_section nd_options_height_20\"><\/div>\n\t\t            <a style=\"border: 2px solid #000;color:#000\" class=\"nd_options_display_inline_block nd_options_line_height_11 nd_options_text_align_center nd_options_box_sizing_border_box nd_options_font_size_11 nd_options_font_weight_bold nd_options_second_font nd_options_padding_15_30  \" href=\"https:\/\/www.letamerici.it\/de\/sportliche-aktivitaeten-auf-dem-campingplatz\/\">WEITERLESEN<\/a>\n\n\t\t        <\/div>\n\n\t\t    <\/div>\n\t\t<\/div>\n\n\n\t  \n\n\n\t    <div class=\" nd_options_width_33_percentage nd_options_float_left nd_options_padding_15 nd_options_box_sizing_border_box nd_options_masonry_item nd_options_width_100_percentage_responsive\">\n\t\t    <div class=\"nd_options_section nd_options_border_1_solid_grey nd_options_bg_white\">\n\n\t\t        <div class=\"nd_options_section nd_options_position_relative\">\n\t\t            \n\t\t            \n\n\n\t\t  \t<div class=\"nd_options_section nd_options_position_relative\">\n\t\t        <a href=\"https:\/\/www.letamerici.it\/de\/im-kiefernwald\/\"><img decoding=\"async\" alt=\"\" class=\"nd_options_section\" src=\"https:\/\/www.letamerici.it\/wp-content\/uploads\/2021\/03\/pineta-1024x669.jpg\"><\/a>\n\t\t    <\/div>\n\n\t\t  \t\n\n\t\t        <\/div>\n\n\t\t        <div class=\"nd_options_section nd_options_padding_30 nd_options_box_sizing_border_box\">\n\t\t            <h5 class=\"nd_options_margin_0_important nd_options_padding_0 nd_options_second_font nd_options_color_greydark nd_options_font_size_12 nd_options_text_transform_uppercase nd_options_letter_spacing_3 nd_options_font_weight_lighter\">Sport <\/h5>\n\n\t\t            <div class=\"nd_options_section nd_options_height_15\"><\/div>\n\t \t\t\t\t<div class=\"nd_options_section nd_options_line_height_0\"><span class=\"nd_options_display_inline_block nd_options_float_left nd_options_bg_greydark nd_options_width_30 nd_options_height_1\"><\/span><\/div>\n\t \t\t\t\t<div class=\"nd_options_section nd_options_height_15\"><\/div>\n\n\t\t            <h2 class=\"nd_options_margin_0_important nd_options_padding_0 \">Im Kiefernwald<\/h2>\n\t\t            <div class=\"nd_options_section nd_options_height_20\"><\/div>\n\t\t            <p class=\"nd_options_margin_0_important nd_options_padding_0\">[vc_row][vc_column][vc_column_text]Der nahe gelegene Pinienwald von Marina di Cecina umfasst ein sauberes Meer und einen unber\u00fchrten Strand auf 5 km L\u00e4nge bis nach Marina di Bibbona. Im Pinienwald gibt es viele Routen unterschiedlicher L\u00e4nge zum Spazierengehen, Nordic Walking, Laufen oder&#8230; f\u00fcr ein leckeres Picknick inmitten des Duftes der B\u00e4ume und des Meeres oder zum Entspannen im [&hellip;]<\/p>\n\t\t            <div class=\"nd_options_section nd_options_height_20\"><\/div>\n\t\t            <a style=\"border: 2px solid #000;color:#000\" class=\"nd_options_display_inline_block nd_options_line_height_11 nd_options_text_align_center nd_options_box_sizing_border_box nd_options_font_size_11 nd_options_font_weight_bold nd_options_second_font nd_options_padding_15_30  \" href=\"https:\/\/www.letamerici.it\/de\/im-kiefernwald\/\">WEITERLESEN<\/a>\n\n\t\t        <\/div>\n\n\t\t    <\/div>\n\t\t<\/div>\n\n\n\t  \n\n\n\t    <div class=\" nd_options_width_33_percentage nd_options_float_left nd_options_padding_15 nd_options_box_sizing_border_box nd_options_masonry_item nd_options_width_100_percentage_responsive\">\n\t\t    <div class=\"nd_options_section nd_options_border_1_solid_grey nd_options_bg_white\">\n\n\t\t        <div class=\"nd_options_section nd_options_position_relative\">\n\t\t            \n\t\t            \n\n\n\t\t  \t<div class=\"nd_options_section nd_options_position_relative\">\n\t\t        <a href=\"https:\/\/www.letamerici.it\/de\/fahrradtourismus\/\"><img decoding=\"async\" alt=\"\" class=\"nd_options_section\" src=\"https:\/\/www.letamerici.it\/wp-content\/uploads\/2021\/03\/bici-1024x669.jpg\"><\/a>\n\t\t    <\/div>\n\n\t\t  \t\n\n\t\t        <\/div>\n\n\t\t        <div class=\"nd_options_section nd_options_padding_30 nd_options_box_sizing_border_box\">\n\t\t            <h5 class=\"nd_options_margin_0_important nd_options_padding_0 nd_options_second_font nd_options_color_greydark nd_options_font_size_12 nd_options_text_transform_uppercase nd_options_letter_spacing_3 nd_options_font_weight_lighter\">Sport <\/h5>\n\n\t\t            <div class=\"nd_options_section nd_options_height_15\"><\/div>\n\t \t\t\t\t<div class=\"nd_options_section nd_options_line_height_0\"><span class=\"nd_options_display_inline_block nd_options_float_left nd_options_bg_greydark nd_options_width_30 nd_options_height_1\"><\/span><\/div>\n\t \t\t\t\t<div class=\"nd_options_section nd_options_height_15\"><\/div>\n\n\t\t            <h2 class=\"nd_options_margin_0_important nd_options_padding_0 \">Fahrradtourismus<\/h2>\n\t\t            <div class=\"nd_options_section nd_options_height_20\"><\/div>\n\t\t            <p class=\"nd_options_margin_0_important nd_options_padding_0\">[vc_row][vc_column][vc_column_text]Wir befinden uns im Herzen der etruskischen K\u00fcste, einem Paradies f\u00fcr erfahrene Radfahrer und Radfahrer. Es gibt viele Routen f\u00fcr Mountainbikes und Rennr\u00e4der, von einfachen Ausfl\u00fcgen in die Umgebung bis hin zu Trainingswegen zwischen Meer und H\u00fcgeln. Gerne informieren wir Sie an der Rezeption \u00fcber die Reiserouten. https:\/\/www.cicloturismo.com\/percorsi\/toscana\/livorno\/cecina.aspx[\/vc_column_text][\/vc_column][\/vc_row]<\/p>\n\t\t            <div class=\"nd_options_section nd_options_height_20\"><\/div>\n\t\t            <a style=\"border: 2px solid #000;color:#000\" class=\"nd_options_display_inline_block nd_options_line_height_11 nd_options_text_align_center nd_options_box_sizing_border_box nd_options_font_size_11 nd_options_font_weight_bold nd_options_second_font nd_options_padding_15_30  \" href=\"https:\/\/www.letamerici.it\/de\/fahrradtourismus\/\">WEITERLESEN<\/a>\n\n\t\t        <\/div>\n\n\t\t    <\/div>\n\t\t<\/div>\n\n\n\t  \n\n\n\t    <div class=\" nd_options_width_33_percentage nd_options_float_left nd_options_padding_15 nd_options_box_sizing_border_box nd_options_masonry_item nd_options_width_100_percentage_responsive\">\n\t\t    <div class=\"nd_options_section nd_options_border_1_solid_grey nd_options_bg_white\">\n\n\t\t        <div class=\"nd_options_section nd_options_position_relative\">\n\t\t            \n\t\t            \n\n\n\t\t  \t<div class=\"nd_options_section nd_options_position_relative\">\n\t\t        <a href=\"https:\/\/www.letamerici.it\/de\/reiten\/\"><img decoding=\"async\" alt=\"\" class=\"nd_options_section\" src=\"https:\/\/www.letamerici.it\/wp-content\/uploads\/2021\/03\/cavallo-1024x669.jpg\"><\/a>\n\t\t    <\/div>\n\n\t\t  \t\n\n\t\t        <\/div>\n\n\t\t        <div class=\"nd_options_section nd_options_padding_30 nd_options_box_sizing_border_box\">\n\t\t            <h5 class=\"nd_options_margin_0_important nd_options_padding_0 nd_options_second_font nd_options_color_greydark nd_options_font_size_12 nd_options_text_transform_uppercase nd_options_letter_spacing_3 nd_options_font_weight_lighter\">Sport <\/h5>\n\n\t\t            <div class=\"nd_options_section nd_options_height_15\"><\/div>\n\t \t\t\t\t<div class=\"nd_options_section nd_options_line_height_0\"><span class=\"nd_options_display_inline_block nd_options_float_left nd_options_bg_greydark nd_options_width_30 nd_options_height_1\"><\/span><\/div>\n\t \t\t\t\t<div class=\"nd_options_section nd_options_height_15\"><\/div>\n\n\t\t            <h2 class=\"nd_options_margin_0_important nd_options_padding_0 \">Reiten<\/h2>\n\t\t            <div class=\"nd_options_section nd_options_height_20\"><\/div>\n\t\t            <p class=\"nd_options_margin_0_important nd_options_padding_0\">[vc_row][vc_column][vc_column_text]Unweit des Campingplatzes Le Tamerici (ca. 1 km) befindet sich eine einladende Reitschule, die Spazierg\u00e4nge und Trekking zu Pferd an eindrucksvollen Orten entlang der etruskischen K\u00fcste und am Strand organisiert. [\/vc_column_text][\/vc_column][\/vc_row]<\/p>\n\t\t            <div class=\"nd_options_section nd_options_height_20\"><\/div>\n\t\t            <a style=\"border: 2px solid #000;color:#000\" class=\"nd_options_display_inline_block nd_options_line_height_11 nd_options_text_align_center nd_options_box_sizing_border_box nd_options_font_size_11 nd_options_font_weight_bold nd_options_second_font nd_options_padding_15_30  \" href=\"https:\/\/www.letamerici.it\/de\/reiten\/\">WEITERLESEN<\/a>\n\n\t\t        <\/div>\n\n\t\t    <\/div>\n\t\t<\/div>\n\n\n\t  \n\n\n\t    <div class=\" nd_options_width_33_percentage nd_options_float_left nd_options_padding_15 nd_options_box_sizing_border_box nd_options_masonry_item nd_options_width_100_percentage_responsive\">\n\t\t    <div class=\"nd_options_section nd_options_border_1_solid_grey nd_options_bg_white\">\n\n\t\t        <div class=\"nd_options_section nd_options_position_relative\">\n\t\t            \n\t\t            \n\n\n\t\t  \t<div class=\"nd_options_section nd_options_position_relative\">\n\t\t        <a href=\"https:\/\/www.letamerici.it\/de\/wassersport\/\"><img decoding=\"async\" alt=\"\" class=\"nd_options_section\" src=\"https:\/\/www.letamerici.it\/wp-content\/uploads\/2021\/03\/sport-acquatici-1024x669.jpg\"><\/a>\n\t\t    <\/div>\n\n\t\t  \t\n\n\t\t        <\/div>\n\n\t\t        <div class=\"nd_options_section nd_options_padding_30 nd_options_box_sizing_border_box\">\n\t\t            <h5 class=\"nd_options_margin_0_important nd_options_padding_0 nd_options_second_font nd_options_color_greydark nd_options_font_size_12 nd_options_text_transform_uppercase nd_options_letter_spacing_3 nd_options_font_weight_lighter\">Sport <\/h5>\n\n\t\t            <div class=\"nd_options_section nd_options_height_15\"><\/div>\n\t \t\t\t\t<div class=\"nd_options_section nd_options_line_height_0\"><span class=\"nd_options_display_inline_block nd_options_float_left nd_options_bg_greydark nd_options_width_30 nd_options_height_1\"><\/span><\/div>\n\t \t\t\t\t<div class=\"nd_options_section nd_options_height_15\"><\/div>\n\n\t\t            <h2 class=\"nd_options_margin_0_important nd_options_padding_0 \">Wassersport<\/h2>\n\t\t            <div class=\"nd_options_section nd_options_height_20\"><\/div>\n\t\t            <p class=\"nd_options_margin_0_important nd_options_padding_0\">[vc_row][vc_column][vc_column_text]5 km vom Campingplatz Le Tamerici entfernt befindet sich Spot 1, ein Windsurf-, Wing-, Surf- und Sup-Center, das f\u00fcr alle Altersgruppen und Vorbereitungsstufen geeignet ist. https:\/\/spot1.it\/[\/vc_column_text][\/vc_column][\/vc_row]<\/p>\n\t\t            <div class=\"nd_options_section nd_options_height_20\"><\/div>\n\t\t            <a style=\"border: 2px solid #000;color:#000\" class=\"nd_options_display_inline_block nd_options_line_height_11 nd_options_text_align_center nd_options_box_sizing_border_box nd_options_font_size_11 nd_options_font_weight_bold nd_options_second_font nd_options_padding_15_30  \" href=\"https:\/\/www.letamerici.it\/de\/wassersport\/\">WEITERLESEN<\/a>\n\n\t\t        <\/div>\n\n\t\t    <\/div>\n\t\t<\/div>\n\n\n\t  \n\n\n\t    <div class=\" nd_options_width_33_percentage nd_options_float_left nd_options_padding_15 nd_options_box_sizing_border_box nd_options_masonry_item nd_options_width_100_percentage_responsive\">\n\t\t    <div class=\"nd_options_section nd_options_border_1_solid_grey nd_options_bg_white\">\n\n\t\t        <div class=\"nd_options_section nd_options_position_relative\">\n\t\t            \n\t\t            \n\n\n\t\t  \t<div class=\"nd_options_section nd_options_position_relative\">\n\t\t        <a href=\"https:\/\/www.letamerici.it\/de\/go-kart\/\"><img decoding=\"async\" alt=\"\" class=\"nd_options_section\" src=\"https:\/\/www.letamerici.it\/wp-content\/uploads\/2021\/03\/gokart-1024x669.jpg\"><\/a>\n\t\t    <\/div>\n\n\t\t  \t\n\n\t\t        <\/div>\n\n\t\t        <div class=\"nd_options_section nd_options_padding_30 nd_options_box_sizing_border_box\">\n\t\t            <h5 class=\"nd_options_margin_0_important nd_options_padding_0 nd_options_second_font nd_options_color_greydark nd_options_font_size_12 nd_options_text_transform_uppercase nd_options_letter_spacing_3 nd_options_font_weight_lighter\">Sport <\/h5>\n\n\t\t            <div class=\"nd_options_section nd_options_height_15\"><\/div>\n\t \t\t\t\t<div class=\"nd_options_section nd_options_line_height_0\"><span class=\"nd_options_display_inline_block nd_options_float_left nd_options_bg_greydark nd_options_width_30 nd_options_height_1\"><\/span><\/div>\n\t \t\t\t\t<div class=\"nd_options_section nd_options_height_15\"><\/div>\n\n\t\t            <h2 class=\"nd_options_margin_0_important nd_options_padding_0 \">Go Kart<\/h2>\n\t\t            <div class=\"nd_options_section nd_options_height_20\"><\/div>\n\t\t            <p class=\"nd_options_margin_0_important nd_options_padding_0\">[vc_row][vc_column][vc_column_text]In der N\u00e4he des Campingplatzes Tamerici befindet sich eine Go-Kart-Strecke[\/vc_column_text][\/vc_column][\/vc_row]<\/p>\n\t\t            <div class=\"nd_options_section nd_options_height_20\"><\/div>\n\t\t            <a style=\"border: 2px solid #000;color:#000\" class=\"nd_options_display_inline_block nd_options_line_height_11 nd_options_text_align_center nd_options_box_sizing_border_box nd_options_font_size_11 nd_options_font_weight_bold nd_options_second_font nd_options_padding_15_30  \" href=\"https:\/\/www.letamerici.it\/de\/go-kart\/\">WEITERLESEN<\/a>\n\n\t\t        <\/div>\n\n\t\t    <\/div>\n\t\t<\/div>\n\n\n\t  \n\n\n\t    <div class=\" nd_options_width_33_percentage nd_options_float_left nd_options_padding_15 nd_options_box_sizing_border_box nd_options_masonry_item nd_options_width_100_percentage_responsive\">\n\t\t    <div class=\"nd_options_section nd_options_border_1_solid_grey nd_options_bg_white\">\n\n\t\t        <div class=\"nd_options_section nd_options_position_relative\">\n\t\t            \n\t\t            \n\n\n\t\t  \t<div class=\"nd_options_section nd_options_position_relative\">\n\t\t        <a href=\"https:\/\/www.letamerici.it\/de\/skeet-schiessen\/\"><img decoding=\"async\" alt=\"\" class=\"nd_options_section\" src=\"https:\/\/www.letamerici.it\/wp-content\/uploads\/2021\/03\/tiro-al-piattello-1024x669.jpg\"><\/a>\n\t\t    <\/div>\n\n\t\t  \t\n\n\t\t        <\/div>\n\n\t\t        <div class=\"nd_options_section nd_options_padding_30 nd_options_box_sizing_border_box\">\n\t\t            <h5 class=\"nd_options_margin_0_important nd_options_padding_0 nd_options_second_font nd_options_color_greydark nd_options_font_size_12 nd_options_text_transform_uppercase nd_options_letter_spacing_3 nd_options_font_weight_lighter\">Sport <\/h5>\n\n\t\t            <div class=\"nd_options_section nd_options_height_15\"><\/div>\n\t \t\t\t\t<div class=\"nd_options_section nd_options_line_height_0\"><span class=\"nd_options_display_inline_block nd_options_float_left nd_options_bg_greydark nd_options_width_30 nd_options_height_1\"><\/span><\/div>\n\t \t\t\t\t<div class=\"nd_options_section nd_options_height_15\"><\/div>\n\n\t\t            <h2 class=\"nd_options_margin_0_important nd_options_padding_0 \">Skeet-Schie\u00dfen<\/h2>\n\t\t            <div class=\"nd_options_section nd_options_height_20\"><\/div>\n\t\t            <p class=\"nd_options_margin_0_important nd_options_padding_0\">[vc_row][vc_column][vc_column_text]Skeet Shooting 500 Meter vom Campingplatz Le Tamerici entfernt https:\/\/tavcecina.it\/[\/vc_column_text][\/vc_column][\/vc_row]<\/p>\n\t\t            <div class=\"nd_options_section nd_options_height_20\"><\/div>\n\t\t            <a style=\"border: 2px solid #000;color:#000\" class=\"nd_options_display_inline_block nd_options_line_height_11 nd_options_text_align_center nd_options_box_sizing_border_box nd_options_font_size_11 nd_options_font_weight_bold nd_options_second_font nd_options_padding_15_30  \" href=\"https:\/\/www.letamerici.it\/de\/skeet-schiessen\/\">WEITERLESEN<\/a>\n\n\t\t        <\/div>\n\n\t\t    <\/div>\n\t\t<\/div>\n\n\n\t  <\/div><!--CLOSE MASONRY-->[\/vc_column][\/vc_row]<\/p>\n","protected":false},"excerpt":{"rendered":"<p>[vc_row full_width=&#8220;stretch_row_content_no_spaces&#8220; css=&#8220;.vc_custom_1616666806128{background-image: url(https:\/\/www.letamerici.it\/wp-content\/uploads\/2021\/03\/valentin-balan-pbtwM_l6F9I-unsplash.jpg?id=12392) !important;background-position: center !important;background-repeat: no-repeat !important;background-size: cover !important;}&#8220; el_class=&#8220;nd_options_overflow_visible_important&#8220;][vc_column][vc_row_inner css=&#8220;.vc_custom_1486118361106{padding-top: 100px !important;padding-bottom: 100px !important;}&#8220; el_class=&#8220;nd_options_bg_greydark_alpha_gradient_3&#8243;][vc_column_inner width=&#8220;1\/3&#8243;][\/vc_column_inner][vc_column_inner width=&#8220;1\/3&#8243; css=&#8220;.vc_custom_1486118458781{padding: 20px !important;}&#8220;][\/vc_column_inner][vc_column_inner width=&#8220;1\/3&#8243;][\/vc_column_inner][\/vc_row_inner][\/vc_column][\/vc_row][vc_row css=&#8220;.vc_custom_1611928841528{margin-top: 50px !important;margin-bottom: 50px !important;padding-top: 30px !important;}&#8220;][vc_column css=&#8220;.vc_custom_1486118015473{padding-right: 0px !important;padding-left: 0px !important;}&#8220;][\/vc_column][\/vc_row]<\/p>\n","protected":false},"author":1,"featured_media":0,"parent":0,"menu_order":0,"comment_status":"closed","ping_status":"closed","template":"","meta":{"footnotes":"","_expiration-date-status":"","_expiration-date":0,"_expiration-date-type":"","_expiration-date-categories":[],"_expiration-date-options":[]},"class_list":["post-12703","page","type-page","status-publish","hentry"],"_links":{"self":[{"href":"https:\/\/www.letamerici.it\/de\/wp-json\/wp\/v2\/pages\/12703","targetHints":{"allow":["GET"]}}],"collection":[{"href":"https:\/\/www.letamerici.it\/de\/wp-json\/wp\/v2\/pages"}],"about":[{"href":"https:\/\/www.letamerici.it\/de\/wp-json\/wp\/v2\/types\/page"}],"author":[{"embeddable":true,"href":"https:\/\/www.letamerici.it\/de\/wp-json\/wp\/v2\/users\/1"}],"replies":[{"embeddable":true,"href":"https:\/\/www.letamerici.it\/de\/wp-json\/wp\/v2\/comments?post=12703"}],"version-history":[{"count":0,"href":"https:\/\/www.letamerici.it\/de\/wp-json\/wp\/v2\/pages\/12703\/revisions"}],"wp:attachment":[{"href":"https:\/\/www.letamerici.it\/de\/wp-json\/wp\/v2\/media?parent=12703"}],"curies":[{"name":"wp","href":"https:\/\/api.w.org\/{rel}","templated":true}]}}