{"id":12594,"date":"2021-04-09T11:53:04","date_gmt":"2021-04-09T09:53:04","guid":{"rendered":"http:\/\/nuovo.letamerici.it\/?page_id=12594"},"modified":"2024-06-16T12:48:24","modified_gmt":"2024-06-16T10:48:24","slug":"unterhaltung","status":"publish","type":"page","link":"https:\/\/www.letamerici.it\/de\/unterhaltung\/","title":{"rendered":"UNTERHALTUNG"},"content":{"rendered":"<p>[vc_row][vc_column width=&#8220;6\/12&#8243; css=&#8220;.vc_custom_1467360650255{margin-top: 10px !important;margin-bottom: 10px !important;padding-top: 0px !important;padding-right: 40px !important;}&#8220;]<div style=\"background-color:;height: 10px\" class=\"nicdark_section  \"><\/div> <h1 style=\"color:;padding:px;text-align:right;font-size:40px;line-height:50px;letter-spacing: px;font-weight:bold\" class=\"  nd_options_text_align_center_responsive_important nd_options_first_font \">Schluss mit Langeweile! Viel Spa\u00df beim Camping mit Unterhaltung in Cecina<\/h1> [\/vc_column][vc_column width=&#8220;6\/12&#8243; css=&#8220;.vc_custom_1467207292391{margin-top: 10px !important;margin-bottom: 10px !important;padding-top: 0px !important;}&#8220;]<div style=\"background-color:;height: 20px\" class=\"nicdark_section  \"><\/div>[vc_column_text el_class=&#8220;nd_options_text_align_center_responsive&#8220;]Das Animationsteam des Camping Le Tamerici bindet unsere G\u00e4ste mit Diskretion und Begeisterung ein und bietet zahlreiche Sport- und Freizeitaktivit\u00e4ten f\u00fcr Erwachsene und Kinder an.<\/p>\n<p>Und am Abend werden die Lichter auf die B\u00fchne gerichtet f\u00fcr den unumg\u00e4nglichen Termin mit der Abendshow!<\/p>\n<p>Unterhaltungsdienst ist in Juli una August. Fragen Sie uns nach Informationen![\/vc_column_text][\/vc_column][\/vc_row][vc_row css=&#8220;.vc_custom_1611914250561{margin-top: 30px !important;}&#8220;][vc_column width=&#8220;1\/2&#8243;]<div style=\"background-color:;height: 10px\" class=\"nicdark_section  \"><\/div>[vc_single_image image=&#8220;528&#8243; img_size=&#8220;full&#8220; alignment=&#8220;center&#8220; onclick=&#8220;link_image&#8220;]<div style=\"background-color:;height: 10px\" class=\"nicdark_section  \"><\/div>[\/vc_column][vc_column width=&#8220;1\/2&#8243;]<div style=\"background-color:;height: 10px\" class=\"nicdark_section  \"><\/div>[vc_single_image image=&#8220;1877&#8243; img_size=&#8220;full&#8220; alignment=&#8220;center&#8220; onclick=&#8220;link_image&#8220;]<div style=\"background-color:;height: 10px\" class=\"nicdark_section  \"><\/div>[\/vc_column][\/vc_row][vc_row css=&#8220;.vc_custom_1611914406146{margin-top: 45px !important;}&#8220;][vc_column width=&#8220;1\/6&#8243; el_class=&#8220;nd_options_text_align_center&#8220;][\/vc_column][vc_column width=&#8220;2\/3&#8243;][vc_btn title=&#8220;BUCHEN SIE JETZT IHREN URLAUB!&#8220; style=&#8220;custom&#8220; custom_background=&#8220;#4cadc9&#8243; custom_text=&#8220;#ffffff&#8220; size=&#8220;lg&#8220; align=&#8220;center&#8220; link=&#8220;url:https%3A%2F%2Fbookingpremium.secureholiday.net%2Fde%2F9564%2Fsearch%2Fproduct-list%3FsearchType%3Dexact%26filterStatus%3DshowPeriod&#8220;][\/vc_column][vc_column width=&#8220;1\/6&#8243;][\/vc_column][\/vc_row]<\/p>\n","protected":false},"excerpt":{"rendered":"<p>[vc_row][vc_column width=&#8220;6\/12&#8243; css=&#8220;.vc_custom_1467360650255{margin-top: 10px !important;margin-bottom: 10px !important;padding-top: 0px !important;padding-right: 40px !important;}&#8220;][\/vc_column][vc_column width=&#8220;6\/12&#8243; css=&#8220;.vc_custom_1467207292391{margin-top: 10px !important;margin-bottom: 10px !important;padding-top: 0px !important;}&#8220;][vc_column_text el_class=&#8220;nd_options_text_align_center_responsive&#8220;]Das Animationsteam des Camping Le Tamerici bindet unsere G\u00e4ste mit Diskretion und Begeisterung ein und bietet zahlreiche Sport- und Freizeitaktivit\u00e4ten f\u00fcr Erwachsene und Kinder an. Und am Abend werden die Lichter auf die B\u00fchne gerichtet f\u00fcr [&hellip;]<\/p>\n","protected":false},"author":1,"featured_media":0,"parent":0,"menu_order":0,"comment_status":"closed","ping_status":"closed","template":"","meta":{"footnotes":"","_expiration-date-status":"","_expiration-date":0,"_expiration-date-type":"","_expiration-date-categories":[],"_expiration-date-options":[]},"class_list":["post-12594","page","type-page","status-publish","hentry"],"_links":{"self":[{"href":"https:\/\/www.letamerici.it\/de\/wp-json\/wp\/v2\/pages\/12594","targetHints":{"allow":["GET"]}}],"collection":[{"href":"https:\/\/www.letamerici.it\/de\/wp-json\/wp\/v2\/pages"}],"about":[{"href":"https:\/\/www.letamerici.it\/de\/wp-json\/wp\/v2\/types\/page"}],"author":[{"embeddable":true,"href":"https:\/\/www.letamerici.it\/de\/wp-json\/wp\/v2\/users\/1"}],"replies":[{"embeddable":true,"href":"https:\/\/www.letamerici.it\/de\/wp-json\/wp\/v2\/comments?post=12594"}],"version-history":[{"count":2,"href":"https:\/\/www.letamerici.it\/de\/wp-json\/wp\/v2\/pages\/12594\/revisions"}],"predecessor-version":[{"id":27934,"href":"https:\/\/www.letamerici.it\/de\/wp-json\/wp\/v2\/pages\/12594\/revisions\/27934"}],"wp:attachment":[{"href":"https:\/\/www.letamerici.it\/de\/wp-json\/wp\/v2\/media?parent=12594"}],"curies":[{"name":"wp","href":"https:\/\/api.w.org\/{rel}","templated":true}]}}