{"id":12553,"date":"2021-01-29T09:55:39","date_gmt":"2021-01-29T08:55:39","guid":{"rendered":"http:\/\/nuovo.letamerici.it\/campeggio-con-piscina-a-cecina\/"},"modified":"2023-06-21T11:17:55","modified_gmt":"2023-06-21T09:17:55","slug":"pool-und-sport","status":"publish","type":"page","link":"https:\/\/www.letamerici.it\/de\/pool-und-sport\/","title":{"rendered":"POOL UND SPORT"},"content":{"rendered":"<p>[vc_row][vc_column width=&#8220;6\/12&#8243; css=&#8220;.vc_custom_1467360650255{margin-top: 10px !important;margin-bottom: 10px !important;padding-top: 0px !important;padding-right: 40px !important;}&#8220;]<div style=\"background-color:;height: 10px\" class=\"nicdark_section  \"><\/div> <h1 style=\"color:;padding:px;text-align:right;font-size:40px;line-height:50px;letter-spacing: px;font-weight:bold\" class=\"  nd_options_text_align_center_responsive_important nd_options_first_font \">Hei\u00dfer Sommer? Entspannen Sie sich auf einem Campingplatz mit Schwimmbad in Cecina<\/h1> [\/vc_column][vc_column width=&#8220;3\/12&#8243; css=&#8220;.vc_custom_1467207292391{margin-top: 10px !important;margin-bottom: 10px !important;padding-top: 0px !important;}&#8220;]<div style=\"background-color:;height: 20px\" class=\"nicdark_section  \"><\/div>[vc_column_text el_class=&#8220;nd_options_text_align_center_responsive&#8220;]Auf dem Campingplatz Le Tamerici finden Sie ein gro\u00dfes 25-Meter-Schwimmbecken zum Abk\u00fchlen und Schwimmen an hei\u00dfen Sommertagen und rundherum einen gro\u00dfen Bereich, der dem Solarium gewidmet ist.<\/p>\n<p>Und f\u00fcr die Kleinen gibt es ein Schwimmbad mit Pilzen und Rutsche![\/vc_column_text][\/vc_column][vc_column width=&#8220;3\/12&#8243; css=&#8220;.vc_custom_1467207298589{margin-top: 10px !important;margin-bottom: 10px !important;padding-top: 0px !important;}&#8220;]<div style=\"background-color:;height: 20px\" class=\"nicdark_section  \"><\/div>[vc_column_text el_class=&#8220;nd_options_text_align_center_responsive&#8220;]F\u00fcr Sportbegeisterte\u2026Tennisplatz, Kleinfeldfu\u00dfballplatz, Beachvolleyballplatz und Bocciaplatz\u2026alles steht unseren G\u00e4sten kostenlos zur Verf\u00fcgung!<\/p>\n<p>Und in unmittelbarer N\u00e4he des Campingplatzes gibt es eine Reitschule, Tontaubenschie\u00dfen, eine Go-Kart-Bahn und viele weitere M\u00f6glichkeiten, Wassersport zu betreiben.[\/vc_column_text][\/vc_column][\/vc_row][vc_row full_width=&#8220;stretch_row_content&#8220; css=&#8220;.vc_custom_1611911425297{margin-top: 30px !important;}&#8220;][vc_column width=&#8220;1\/4&#8243;]<div style=\"background-color:;height: 10px\" class=\"nicdark_section  \"><\/div>[vc_single_image image=&#8220;8377&#8243; img_size=&#8220;1000&#215;567&#8243; alignment=&#8220;center&#8220; onclick=&#8220;link_image&#8220;]<div style=\"background-color:;height: 10px\" class=\"nicdark_section  \"><\/div>[\/vc_column][vc_column width=&#8220;1\/4&#8243;]<div style=\"background-color:;height: 10px\" class=\"nicdark_section  \"><\/div>[vc_single_image image=&#8220;547&#8243; img_size=&#8220;1000&#215;567&#8243; alignment=&#8220;center&#8220; onclick=&#8220;link_image&#8220;]<div style=\"background-color:;height: 10px\" class=\"nicdark_section  \"><\/div>[\/vc_column][vc_column width=&#8220;1\/4&#8243;]<div style=\"background-color:;height: 10px\" class=\"nicdark_section  \"><\/div>[vc_single_image image=&#8220;548&#8243; img_size=&#8220;1000&#215;567&#8243; alignment=&#8220;center&#8220; onclick=&#8220;link_image&#8220;]<div style=\"background-color:;height: 10px\" class=\"nicdark_section  \"><\/div>[\/vc_column][vc_column width=&#8220;1\/4&#8243;]<div style=\"background-color:;height: 10px\" class=\"nicdark_section  \"><\/div>[vc_single_image image=&#8220;143&#8243; img_size=&#8220;1000&#215;567&#8243; alignment=&#8220;center&#8220; onclick=&#8220;link_image&#8220;]<div style=\"background-color:;height: 10px\" class=\"nicdark_section  \"><\/div>[\/vc_column][\/vc_row][vc_row css=&#8220;.vc_custom_1492509935473{margin-top: 45px !important;}&#8220;][vc_column width=&#8220;1\/6&#8243; el_class=&#8220;nd_options_text_align_center&#8220;][\/vc_column][vc_column width=&#8220;2\/3&#8243;][vc_btn title=&#8220;BUCHEN SIE JETZT IHREN URLAUB!&#8220; style=&#8220;custom&#8220; custom_background=&#8220;#4cadc9&#8243; custom_text=&#8220;#ffffff&#8220; size=&#8220;lg&#8220; align=&#8220;center&#8220; link=&#8220;url:https%3A%2F%2Fbookingpremium.secureholiday.net%2Fde%2F9564%2Fsearch%2Fproduct-list%3FsearchType%3Dexact%26filterStatus%3DshowPeriod&#8220;][\/vc_column][vc_column width=&#8220;1\/6&#8243;][\/vc_column][\/vc_row]<\/p>\n","protected":false},"excerpt":{"rendered":"<p>[vc_row][vc_column width=&#8220;6\/12&#8243; css=&#8220;.vc_custom_1467360650255{margin-top: 10px !important;margin-bottom: 10px !important;padding-top: 0px !important;padding-right: 40px !important;}&#8220;][\/vc_column][vc_column width=&#8220;3\/12&#8243; css=&#8220;.vc_custom_1467207292391{margin-top: 10px !important;margin-bottom: 10px !important;padding-top: 0px !important;}&#8220;][vc_column_text el_class=&#8220;nd_options_text_align_center_responsive&#8220;]Auf dem Campingplatz Le Tamerici finden Sie ein gro\u00dfes 25-Meter-Schwimmbecken zum Abk\u00fchlen und Schwimmen an hei\u00dfen Sommertagen und rundherum einen gro\u00dfen Bereich, der dem Solarium gewidmet ist. Und f\u00fcr die Kleinen gibt es ein Schwimmbad mit [&hellip;]<\/p>\n","protected":false},"author":1,"featured_media":0,"parent":0,"menu_order":0,"comment_status":"closed","ping_status":"closed","template":"","meta":{"footnotes":"","_expiration-date-status":"","_expiration-date":0,"_expiration-date-type":"","_expiration-date-categories":[],"_expiration-date-options":[]},"class_list":["post-12553","page","type-page","status-publish","hentry"],"_links":{"self":[{"href":"https:\/\/www.letamerici.it\/de\/wp-json\/wp\/v2\/pages\/12553","targetHints":{"allow":["GET"]}}],"collection":[{"href":"https:\/\/www.letamerici.it\/de\/wp-json\/wp\/v2\/pages"}],"about":[{"href":"https:\/\/www.letamerici.it\/de\/wp-json\/wp\/v2\/types\/page"}],"author":[{"embeddable":true,"href":"https:\/\/www.letamerici.it\/de\/wp-json\/wp\/v2\/users\/1"}],"replies":[{"embeddable":true,"href":"https:\/\/www.letamerici.it\/de\/wp-json\/wp\/v2\/comments?post=12553"}],"version-history":[{"count":1,"href":"https:\/\/www.letamerici.it\/de\/wp-json\/wp\/v2\/pages\/12553\/revisions"}],"predecessor-version":[{"id":25117,"href":"https:\/\/www.letamerici.it\/de\/wp-json\/wp\/v2\/pages\/12553\/revisions\/25117"}],"wp:attachment":[{"href":"https:\/\/www.letamerici.it\/de\/wp-json\/wp\/v2\/media?parent=12553"}],"curies":[{"name":"wp","href":"https:\/\/api.w.org\/{rel}","templated":true}]}}