{"id":12526,"date":"2021-03-16T12:11:09","date_gmt":"2021-03-16T11:11:09","guid":{"rendered":"http:\/\/nuovo.letamerici.it\/?page_id=12526"},"modified":"2023-03-07T09:17:35","modified_gmt":"2023-03-07T08:17:35","slug":"bungalow-in-cecina","status":"publish","type":"page","link":"https:\/\/www.letamerici.it\/de\/bungalow-in-cecina\/","title":{"rendered":"Bungalow in Cecina"},"content":{"rendered":"<p>[vc_row css=&#8220;.vc_custom_1615892190091{padding-bottom: 50px !important;}&#8220;][vc_column][vc_custom_heading text=&#8220;WO \u00dcBERNACHTEN&#8220; font_container=&#8220;tag:h4|font_size:16|text_align:center&#8220; use_theme_fonts=&#8220;yes&#8220; css=&#8220;.vc_custom_1617961259786{padding-bottom: 8px !important;}&#8220;][vc_separator color=&#8220;sky&#8220; el_width=&#8220;10&#8243;][vc_custom_heading text=&#8220;Bungalow&#8220; font_container=&#8220;tag:h2|text_align:center&#8220; use_theme_fonts=&#8220;yes&#8220; css=&#8220;.vc_custom_1615893114695{padding-top: 13px !important;}&#8220;][vc_empty_space][vc_column_text]<\/p>\n<p style=\"text-align: center;\">Um Ihre <b>Ferien<\/b> in der <b>Toskana<\/b> am <b>Meer<\/b> zu verbringen, k\u00f6nnen Sie unsere Bungalow im <b>Camping Village Le Tamerici<\/b> reservieren! Die Bungalow sind Einzimmer \u2013 Unterk\u00fcnfte aus Holz, einfach aber zweckm\u00e4ssig ausgestattet.<\/p>\n<p>&nbsp;<\/p>\n<p style=\"text-align: center;\">In einem einzigen Zimmer befinden sich ein Schlafsofa f\u00fcr zwei Personen, zwei einzelne Betten, K\u00fcchenzeile und Badezimmer mit Dusche. Ausserhalb befindet sich ein kleiner Garten mit Tisch und St\u00fchlen ausgestattet.<\/p>\n<p>&nbsp;<\/p>\n<p style=\"text-align: center;\">Die Bungalow k\u00f6nnen bis zu 4 Personen unterbringen und sind ideal f\u00fcr einen einfachen und erholsamen Aufenthalt<\/p>\n<p>[\/vc_column_text][vc_column_text]            <div id=\"post-grid-lazy-23851\" class=\"post-grid-lazy\"><img decoding=\"async\" alt=\"\" src=\"\" \/><\/div>\n        <script>\n            jQuery('#post-grid-lazy-23851').ready(function($) {\n                $('#post-grid-lazy-23851').fadeOut();\n                $('#post-grid-23851   ').fadeIn();\n            })\n        <\/script>\n        <style type=\"text\/css\">\n            #post-grid-23851 {\n                display: none;\n            }\n\n            .post-grid-lazy {\n                text-align: center;\n            }\n        <\/style>\n        <div data-options='{&quot;id&quot;:&quot;23851&quot;,&quot;lazy_load&quot;:&quot;yes&quot;,&quot;masonry_enable&quot;:&quot;no&quot;,&quot;view_type&quot;:&quot;grid&quot;}' id=\"post-grid-23851\" class=\"post-grid grid\">\n                <div class=\"grid-items\">\n            <div class=\"item item-13525 skin flat even 0 \">\n                <div class=\"layer-wrapper layout-\">\n                <div class=\"layer-media\"><\/div>\n    <div class=\"layer-content\">\n            <div class=\"element element_0  element-media \">\n        <a target=\"_self\" href=\"https:\/\/www.letamerici.it\/de\/sistemazioni\/bungalows-mit-garten\/\"><img loading=\"lazy\" decoding=\"async\" width=\"800\" height=\"532\" src=\"https:\/\/www.letamerici.it\/wp-content\/uploads\/2015\/11\/g1.jpg\" class=\"attachment-large size-large wp-post-image\" alt=\"\" srcset=\"https:\/\/www.letamerici.it\/wp-content\/uploads\/2015\/11\/g1.jpg 800w, https:\/\/www.letamerici.it\/wp-content\/uploads\/2015\/11\/g1-300x200.jpg 300w, https:\/\/www.letamerici.it\/wp-content\/uploads\/2015\/11\/g1-768x511.jpg 768w\" sizes=\"auto, (max-width: 800px) 100vw, 800px\" \/><\/a>\n\n    <\/div>\n    <div class=\"element element_1  title_link \">\n                    <a target=\"\" href=\"https:\/\/www.letamerici.it\/de\/sistemazioni\/bungalows-mit-garten\/\">Bungalows mit garten<\/a>\n            <\/div>\n    <div class=\"element element_2  excerpt \">\n                    <\/div>\n            <a class=\"element element_3  read_more \" target=\"\" href=\"https:\/\/www.letamerici.it\/de\/sistemazioni\/bungalows-mit-garten\/\"><\/a>\n    \n    <\/div>\n        <\/div>\n    <\/div><div class=\"item item-13546 skin flat odd 1 \">\n                <div class=\"layer-wrapper layout-\">\n                <div class=\"layer-media\"><\/div>\n    <div class=\"layer-content\">\n            <div class=\"element element_0  element-media \">\n        <a target=\"_self\" href=\"https:\/\/www.letamerici.it\/de\/sistemazioni\/bungalows-mit-klimaanlage-in-cecina\/\"><img loading=\"lazy\" decoding=\"async\" width=\"800\" height=\"533\" src=\"https:\/\/www.letamerici.it\/wp-content\/uploads\/2015\/11\/g2.jpg\" class=\"attachment-large size-large wp-post-image\" alt=\"\" srcset=\"https:\/\/www.letamerici.it\/wp-content\/uploads\/2015\/11\/g2.jpg 800w, https:\/\/www.letamerici.it\/wp-content\/uploads\/2015\/11\/g2-300x200.jpg 300w, https:\/\/www.letamerici.it\/wp-content\/uploads\/2015\/11\/g2-768x512.jpg 768w\" sizes=\"auto, (max-width: 800px) 100vw, 800px\" \/><\/a>\n\n    <\/div>\n    <div class=\"element element_1  title_link \">\n                    <a target=\"\" href=\"https:\/\/www.letamerici.it\/de\/sistemazioni\/bungalows-mit-klimaanlage-in-cecina\/\">Bungalows mit Klimaanlage<\/a>\n            <\/div>\n    <div class=\"element element_2  excerpt \">\n                    <\/div>\n            <a class=\"element element_3  read_more \" target=\"\" href=\"https:\/\/www.letamerici.it\/de\/sistemazioni\/bungalows-mit-klimaanlage-in-cecina\/\"><\/a>\n    \n    <\/div>\n        <\/div>\n    <\/div>        <\/div>\n        <div class=\"pagination\">\n            <div class=\"paginate\">\n            <\/div>\n    <style type=\"text\/css\">\n        #post-grid-23851 .pagination .page-numbers {\n            font-size: 16px;\n            color: #fff;\n            background: #646464;\n        }\n\n        #post-grid-23851 .pagination .page-numbers:hover,\n        #post-grid-23851 .pagination .page-numbers.current {\n            background: #4b4b4b;\n        }\n    <\/style>\n    <\/div>\n    \n\n        <script>\n        \n            <\/script>\n        <style type=\"text\/css\">\n        #post-grid-23851 .element_0 {\n            display: block;font-size: 21px;line-height: normal;padding: 5px 10px;text-align: left; text-decoration: none;        }\n\n        #post-grid-23851 .element_1 {\n            display: block;font-size: 21px;line-height: normal;padding: 5px 10px;text-align: left; text-decoration: none;        }\n\n        #post-grid-23851 .element_2 {\n            display: block;font-size: 14px;padding: 5px 10px;text-align: left;        }\n\n        #post-grid-23851 .element_3 {\n            display: block;font-size: 12px;font-weight: bold;padding: 0 10px;text-align: left;text-decoration: none;        }\n\n        #post-grid-23851 .element_0:hover{}#post-grid-23851 .element_1:hover{}#post-grid-23851 .element_2:hover{}#post-grid-23851 .element_3:hover{}    <\/style>\n    <style type=\"text\/css\">\n        #post-grid-23851 {\n            padding: 10px;\n                    }\n\n        #post-grid-23851 .item {\n            \/*             margin:;\n         *\/\n            padding: 0px;\n            background: #fff;\n                    }\n\n        #post-grid-23851 .item .layer-media {\n            height:auto;        }\n\n        @media only screen and (min-width: 0px) and (max-width: 767px) {\n            #post-grid-23851 .grid-items {\n                display: grid;\n                grid-template-columns: 1fr ;\n                column-gap: 10px;\n                row-gap: 10px;\n                ;\n\n            }\n\n            #post-grid-23851 .item {\n                height:auto;            }\n        }\n\n        @media only screen and (min-width: 768px) and (max-width: 1023px) {\n            #post-grid-23851 .grid-items {\n                display: grid;\n                grid-template-columns: 1fr 1fr ;\n                column-gap: 10px;\n                row-gap: 10px             }\n\n            #post-grid-23851 .item {\n                max-height:auto;            }\n        }\n\n        @media only screen and (min-width: 1024px) {\n            #post-grid-23851 .grid-items {\n                display: grid;\n                grid-template-columns: 1fr 1fr 1fr ;\n                column-gap: 10px;\n                row-gap: 10px;\n                            }\n\n            #post-grid-23851 .item {\n                height:auto;            }\n        }\n\n            <\/style>\n    <\/div>\n[\/vc_column_text][\/vc_column][\/vc_row]<\/p>\n","protected":false},"excerpt":{"rendered":"<p>[vc_row css=&#8220;.vc_custom_1615892190091{padding-bottom: 50px !important;}&#8220;][vc_column][vc_custom_heading text=&#8220;WO \u00dcBERNACHTEN&#8220; font_container=&#8220;tag:h4|font_size:16|text_align:center&#8220; use_theme_fonts=&#8220;yes&#8220; css=&#8220;.vc_custom_1617961259786{padding-bottom: 8px !important;}&#8220;][vc_separator color=&#8220;sky&#8220; el_width=&#8220;10&#8243;][vc_custom_heading text=&#8220;Bungalow&#8220; font_container=&#8220;tag:h2|text_align:center&#8220; use_theme_fonts=&#8220;yes&#8220; css=&#8220;.vc_custom_1615893114695{padding-top: 13px !important;}&#8220;][vc_empty_space][vc_column_text] Um Ihre Ferien in der Toskana am Meer zu verbringen, k\u00f6nnen Sie unsere Bungalow im Camping Village Le Tamerici reservieren! Die Bungalow sind Einzimmer \u2013 Unterk\u00fcnfte aus Holz, einfach aber zweckm\u00e4ssig ausgestattet. &nbsp; In einem einzigen [&hellip;]<\/p>\n","protected":false},"author":2,"featured_media":0,"parent":0,"menu_order":0,"comment_status":"closed","ping_status":"closed","template":"","meta":{"footnotes":"","_expiration-date-status":"","_expiration-date":0,"_expiration-date-type":"","_expiration-date-categories":[],"_expiration-date-options":[]},"class_list":["post-12526","page","type-page","status-publish","hentry"],"_links":{"self":[{"href":"https:\/\/www.letamerici.it\/de\/wp-json\/wp\/v2\/pages\/12526","targetHints":{"allow":["GET"]}}],"collection":[{"href":"https:\/\/www.letamerici.it\/de\/wp-json\/wp\/v2\/pages"}],"about":[{"href":"https:\/\/www.letamerici.it\/de\/wp-json\/wp\/v2\/types\/page"}],"author":[{"embeddable":true,"href":"https:\/\/www.letamerici.it\/de\/wp-json\/wp\/v2\/users\/2"}],"replies":[{"embeddable":true,"href":"https:\/\/www.letamerici.it\/de\/wp-json\/wp\/v2\/comments?post=12526"}],"version-history":[{"count":1,"href":"https:\/\/www.letamerici.it\/de\/wp-json\/wp\/v2\/pages\/12526\/revisions"}],"predecessor-version":[{"id":23872,"href":"https:\/\/www.letamerici.it\/de\/wp-json\/wp\/v2\/pages\/12526\/revisions\/23872"}],"wp:attachment":[{"href":"https:\/\/www.letamerici.it\/de\/wp-json\/wp\/v2\/media?parent=12526"}],"curies":[{"name":"wp","href":"https:\/\/api.w.org\/{rel}","templated":true}]}}