{"id":12504,"date":"2021-04-09T11:24:22","date_gmt":"2021-04-09T09:24:22","guid":{"rendered":"http:\/\/nuovo.letamerici.it\/?page_id=12504"},"modified":"2023-03-07T09:18:17","modified_gmt":"2023-03-07T08:18:17","slug":"mobilheime-in-cecina","status":"publish","type":"page","link":"https:\/\/www.letamerici.it\/de\/mobilheime-in-cecina\/","title":{"rendered":"Mobilheime in Cecina"},"content":{"rendered":"<p>[vc_row css=&#8220;.vc_custom_1615892190091{padding-bottom: 50px !important;}&#8220;][vc_column][vc_custom_heading text=&#8220;WO \u00dcBERNACHTEN&#8220; font_container=&#8220;tag:h4|font_size:16|text_align:center&#8220; use_theme_fonts=&#8220;yes&#8220; css=&#8220;.vc_custom_1617960297795{padding-bottom: 8px !important;}&#8220;][vc_separator color=&#8220;sky&#8220; el_width=&#8220;10&#8243;][vc_custom_heading text=&#8220;Mobilheime in Cecina&#8220; font_container=&#8220;tag:h2|text_align:center&#8220; use_theme_fonts=&#8220;yes&#8220; css=&#8220;.vc_custom_1617960305434{padding-top: 13px !important;}&#8220;][vc_empty_space][vc_column_text]<\/p>\n<div class=\"vc_row wpb_row vc_row-fluid\">\n<div class=\"wpb_column vc_column_container vc_col-sm-12\">\n<div class=\"vc_column-inner\">\n<div class=\"wpb_wrapper\">\n<div class=\"wpb_text_column wpb_content_element \">\n<div class=\"wpb_wrapper\">\n<div class=\"wpb_text_column wpb_content_element \">\n<div class=\"wpb_wrapper\">\n<p style=\"text-align: center;\"><b>Relaxen<\/b> und <b>Spa\u00df<\/b> haben nur wenige Schritte vom <b>Meer<\/b> entfernt, zwischen den hundertj\u00e4hrigen <b>Pinienw\u00e4ldern von Marina di Cecina<\/b> und der sch\u00f6nen H\u00fcgellandschaft der<b>Toskana<\/b>.<br \/>\nDer <b>Camping Village Le Tamerici<\/b> bietet Ihnen bequeme Mobilheime um sch\u00f6ne Ferien zu verbringen.<\/p>\n<p>&nbsp;<\/p>\n<p style=\"text-align: center;\">Die <b>Mobilheime<\/b> sind 3 Zimmer Unterk\u00fcnfte mit 5 oder 6 Schlafpl\u00e4tzen.<br \/>\nSie bestehen aus einem Schlafzimmer mit Ehebett, einem Schlafzimmer mit zwei oder drei einzelnen Betten, einem oder zwei Badezimmer, Wohnraum mit K\u00fcchenzeile und eventuellem, weiteren Schlafplatz.<\/p>\n<p>&nbsp;<\/p>\n<p style=\"text-align: center;\">Der Au\u00dfenbereich besteht aus einer \u00fcberdachten Veranda aus Holz, ausgestattet mit Tisch und St\u00fchlen, um so viel wie m\u00f6glich inmitten der Natur zu sein und wundersch\u00f6ne Abende im Freien zu genie\u00dfen.<\/p>\n<p>&nbsp;<\/p>\n<p style=\"text-align: center;\">Alle <b>Mobilheime<\/b> sind mit Safe und Klimaanlage ausgestattet.<\/p>\n<p>&nbsp;<\/p>\n<p style=\"text-align: center;\">In den <b>Mobilheimen<\/b> sind keine Tiere erlaubt.<\/p>\n<\/div>\n<\/div>\n<\/div>\n<\/div>\n<\/div>\n<\/div>\n<\/div>\n<\/div>\n<p>[\/vc_column_text][vc_column_text]            <div id=\"post-grid-lazy-23856\" class=\"post-grid-lazy\"><img decoding=\"async\" alt=\"\" src=\"\" \/><\/div>\n        <script>\n            jQuery('#post-grid-lazy-23856').ready(function($) {\n                $('#post-grid-lazy-23856').fadeOut();\n                $('#post-grid-23856   ').fadeIn();\n            })\n        <\/script>\n        <style type=\"text\/css\">\n            #post-grid-23856 {\n                display: none;\n            }\n\n            .post-grid-lazy {\n                text-align: center;\n            }\n        <\/style>\n        <div data-options='{&quot;id&quot;:&quot;23856&quot;,&quot;lazy_load&quot;:&quot;yes&quot;,&quot;masonry_enable&quot;:&quot;no&quot;,&quot;view_type&quot;:&quot;grid&quot;}' id=\"post-grid-23856\" class=\"post-grid grid\">\n                <div class=\"grid-items\">\n            <div class=\"item item-13463 skin flat even 0 \">\n                <div class=\"layer-wrapper layout-\">\n                <div class=\"layer-media\"><\/div>\n    <div class=\"layer-content\">\n            <div class=\"element element_0  element-media \">\n        <a target=\"_self\" href=\"https:\/\/www.letamerici.it\/de\/sistemazioni\/mobilheime-arno\/\"><img loading=\"lazy\" decoding=\"async\" width=\"1000\" height=\"750\" src=\"https:\/\/www.letamerici.it\/wp-content\/uploads\/2015\/11\/arno0.jpg\" class=\"attachment-large size-large wp-post-image\" alt=\"\" srcset=\"https:\/\/www.letamerici.it\/wp-content\/uploads\/2015\/11\/arno0.jpg 1000w, https:\/\/www.letamerici.it\/wp-content\/uploads\/2015\/11\/arno0-300x225.jpg 300w, https:\/\/www.letamerici.it\/wp-content\/uploads\/2015\/11\/arno0-768x576.jpg 768w\" sizes=\"auto, (max-width: 1000px) 100vw, 1000px\" \/><\/a>\n\n    <\/div>\n    <div class=\"element element_1  title_link \">\n                    <a target=\"\" href=\"https:\/\/www.letamerici.it\/de\/sistemazioni\/mobilheime-arno\/\">Mobilheime Arno<\/a>\n            <\/div>\n    <div class=\"element element_2  excerpt \">\n                    <\/div>\n            <a class=\"element element_3  read_more \" target=\"\" href=\"https:\/\/www.letamerici.it\/de\/sistemazioni\/mobilheime-arno\/\"><\/a>\n    \n    <\/div>\n        <\/div>\n    <\/div><div class=\"item item-13439 skin flat odd 1 \">\n                <div class=\"layer-wrapper layout-\">\n                <div class=\"layer-media\"><\/div>\n    <div class=\"layer-content\">\n            <div class=\"element element_0  element-media \">\n        <a target=\"_self\" href=\"https:\/\/www.letamerici.it\/de\/sistemazioni\/mobilheime-adige\/\"><img loading=\"lazy\" decoding=\"async\" width=\"800\" height=\"510\" src=\"https:\/\/www.letamerici.it\/wp-content\/uploads\/2015\/11\/adige0.jpg\" class=\"attachment-large size-large wp-post-image\" alt=\"\" srcset=\"https:\/\/www.letamerici.it\/wp-content\/uploads\/2015\/11\/adige0.jpg 800w, https:\/\/www.letamerici.it\/wp-content\/uploads\/2015\/11\/adige0-300x191.jpg 300w, https:\/\/www.letamerici.it\/wp-content\/uploads\/2015\/11\/adige0-768x490.jpg 768w\" sizes=\"auto, (max-width: 800px) 100vw, 800px\" \/><\/a>\n\n    <\/div>\n    <div class=\"element element_1  title_link \">\n                    <a target=\"\" href=\"https:\/\/www.letamerici.it\/de\/sistemazioni\/mobilheime-adige\/\">Mobilheime Adige<\/a>\n            <\/div>\n    <div class=\"element element_2  excerpt \">\n                    <\/div>\n            <a class=\"element element_3  read_more \" target=\"\" href=\"https:\/\/www.letamerici.it\/de\/sistemazioni\/mobilheime-adige\/\"><\/a>\n    \n    <\/div>\n        <\/div>\n    <\/div><div class=\"item item-13411 skin flat even 2 \">\n                <div class=\"layer-wrapper layout-\">\n                <div class=\"layer-media\"><\/div>\n    <div class=\"layer-content\">\n            <div class=\"element element_0  element-media \">\n        <a target=\"_self\" href=\"https:\/\/www.letamerici.it\/de\/sistemazioni\/mobilheime-asinara\/\"><img loading=\"lazy\" decoding=\"async\" width=\"1000\" height=\"667\" src=\"https:\/\/www.letamerici.it\/wp-content\/uploads\/2015\/11\/asinara0.jpg\" class=\"attachment-large size-large wp-post-image\" alt=\"\" srcset=\"https:\/\/www.letamerici.it\/wp-content\/uploads\/2015\/11\/asinara0.jpg 1000w, https:\/\/www.letamerici.it\/wp-content\/uploads\/2015\/11\/asinara0-300x200.jpg 300w, https:\/\/www.letamerici.it\/wp-content\/uploads\/2015\/11\/asinara0-768x512.jpg 768w\" sizes=\"auto, (max-width: 1000px) 100vw, 1000px\" \/><\/a>\n\n    <\/div>\n    <div class=\"element element_1  title_link \">\n                    <a target=\"\" href=\"https:\/\/www.letamerici.it\/de\/sistemazioni\/mobilheime-asinara\/\">Mobilheime Asinara<\/a>\n            <\/div>\n    <div class=\"element element_2  excerpt \">\n                    <\/div>\n            <a class=\"element element_3  read_more \" target=\"\" href=\"https:\/\/www.letamerici.it\/de\/sistemazioni\/mobilheime-asinara\/\"><\/a>\n    \n    <\/div>\n        <\/div>\n    <\/div><div class=\"item item-13395 skin flat odd 3 \">\n                <div class=\"layer-wrapper layout-\">\n                <div class=\"layer-media\"><\/div>\n    <div class=\"layer-content\">\n            <div class=\"element element_0  element-media \">\n        <a target=\"_self\" href=\"https:\/\/www.letamerici.it\/de\/sistemazioni\/mobilheime-capri\/\"><img loading=\"lazy\" decoding=\"async\" width=\"800\" height=\"514\" src=\"https:\/\/www.letamerici.it\/wp-content\/uploads\/2015\/11\/capri0.jpg\" class=\"attachment-large size-large wp-post-image\" alt=\"\" srcset=\"https:\/\/www.letamerici.it\/wp-content\/uploads\/2015\/11\/capri0.jpg 800w, https:\/\/www.letamerici.it\/wp-content\/uploads\/2015\/11\/capri0-300x193.jpg 300w, https:\/\/www.letamerici.it\/wp-content\/uploads\/2015\/11\/capri0-768x493.jpg 768w\" sizes=\"auto, (max-width: 800px) 100vw, 800px\" \/><\/a>\n\n    <\/div>\n    <div class=\"element element_1  title_link \">\n                    <a target=\"\" href=\"https:\/\/www.letamerici.it\/de\/sistemazioni\/mobilheime-capri\/\">Mobilheime Capri<\/a>\n            <\/div>\n    <div class=\"element element_2  excerpt \">\n                    <\/div>\n            <a class=\"element element_3  read_more \" target=\"\" href=\"https:\/\/www.letamerici.it\/de\/sistemazioni\/mobilheime-capri\/\"><\/a>\n    \n    <\/div>\n        <\/div>\n    <\/div><div class=\"item item-13379 skin flat even 4 \">\n                <div class=\"layer-wrapper layout-\">\n                <div class=\"layer-media\"><\/div>\n    <div class=\"layer-content\">\n            <div class=\"element element_0  element-media \">\n        <a target=\"_self\" href=\"https:\/\/www.letamerici.it\/de\/sistemazioni\/mobilheime-caprera\/\"><img loading=\"lazy\" decoding=\"async\" width=\"800\" height=\"533\" src=\"https:\/\/www.letamerici.it\/wp-content\/uploads\/2015\/11\/caprera0.jpg\" class=\"attachment-large size-large wp-post-image\" alt=\"\" srcset=\"https:\/\/www.letamerici.it\/wp-content\/uploads\/2015\/11\/caprera0.jpg 800w, https:\/\/www.letamerici.it\/wp-content\/uploads\/2015\/11\/caprera0-300x200.jpg 300w, https:\/\/www.letamerici.it\/wp-content\/uploads\/2015\/11\/caprera0-768x512.jpg 768w\" sizes=\"auto, (max-width: 800px) 100vw, 800px\" \/><\/a>\n\n    <\/div>\n    <div class=\"element element_1  title_link \">\n                    <a target=\"\" href=\"https:\/\/www.letamerici.it\/de\/sistemazioni\/mobilheime-caprera\/\">Mobilheime Caprera<\/a>\n            <\/div>\n    <div class=\"element element_2  excerpt \">\n                    <\/div>\n            <a class=\"element element_3  read_more \" target=\"\" href=\"https:\/\/www.letamerici.it\/de\/sistemazioni\/mobilheime-caprera\/\"><\/a>\n    \n    <\/div>\n        <\/div>\n    <\/div><div class=\"item item-13364 skin flat odd 5 \">\n                <div class=\"layer-wrapper layout-\">\n                <div class=\"layer-media\"><\/div>\n    <div class=\"layer-content\">\n            <div class=\"element element_0  element-media \">\n        <a target=\"_self\" href=\"https:\/\/www.letamerici.it\/de\/sistemazioni\/mobilheime-gorgona\/\"><img loading=\"lazy\" decoding=\"async\" width=\"1000\" height=\"750\" src=\"https:\/\/www.letamerici.it\/wp-content\/uploads\/2015\/11\/gorgona0.jpg\" class=\"attachment-large size-large wp-post-image\" alt=\"\" srcset=\"https:\/\/www.letamerici.it\/wp-content\/uploads\/2015\/11\/gorgona0.jpg 1000w, https:\/\/www.letamerici.it\/wp-content\/uploads\/2015\/11\/gorgona0-300x225.jpg 300w, https:\/\/www.letamerici.it\/wp-content\/uploads\/2015\/11\/gorgona0-768x576.jpg 768w\" sizes=\"auto, (max-width: 1000px) 100vw, 1000px\" \/><\/a>\n\n    <\/div>\n    <div class=\"element element_1  title_link \">\n                    <a target=\"\" href=\"https:\/\/www.letamerici.it\/de\/sistemazioni\/mobilheime-gorgona\/\">Mobilheime Gorgona<\/a>\n            <\/div>\n    <div class=\"element element_2  excerpt \">\n                    <\/div>\n            <a class=\"element element_3  read_more \" target=\"\" href=\"https:\/\/www.letamerici.it\/de\/sistemazioni\/mobilheime-gorgona\/\"><\/a>\n    \n    <\/div>\n        <\/div>\n    <\/div><div class=\"item item-13350 skin flat even 6 \">\n                <div class=\"layer-wrapper layout-\">\n                <div class=\"layer-media\"><\/div>\n    <div class=\"layer-content\">\n            <div class=\"element element_0  element-media \">\n        <a target=\"_self\" href=\"https:\/\/www.letamerici.it\/de\/sistemazioni\/mobilheime-pirri\/\"><img loading=\"lazy\" decoding=\"async\" width=\"1000\" height=\"750\" src=\"https:\/\/www.letamerici.it\/wp-content\/uploads\/2015\/11\/pirri0.jpg\" class=\"attachment-large size-large wp-post-image\" alt=\"\" srcset=\"https:\/\/www.letamerici.it\/wp-content\/uploads\/2015\/11\/pirri0.jpg 1000w, https:\/\/www.letamerici.it\/wp-content\/uploads\/2015\/11\/pirri0-300x225.jpg 300w, https:\/\/www.letamerici.it\/wp-content\/uploads\/2015\/11\/pirri0-768x576.jpg 768w\" sizes=\"auto, (max-width: 1000px) 100vw, 1000px\" \/><\/a>\n\n    <\/div>\n    <div class=\"element element_1  title_link \">\n                    <a target=\"\" href=\"https:\/\/www.letamerici.it\/de\/sistemazioni\/mobilheime-pirri\/\">Mobilheime Pirri<\/a>\n            <\/div>\n    <div class=\"element element_2  excerpt \">\n                    <\/div>\n            <a class=\"element element_3  read_more \" target=\"\" href=\"https:\/\/www.letamerici.it\/de\/sistemazioni\/mobilheime-pirri\/\"><\/a>\n    \n    <\/div>\n        <\/div>\n    <\/div><div class=\"item item-13332 skin flat odd 7 \">\n                <div class=\"layer-wrapper layout-\">\n                <div class=\"layer-media\"><\/div>\n    <div class=\"layer-content\">\n            <div class=\"element element_0  element-media \">\n        <a target=\"_self\" href=\"https:\/\/www.letamerici.it\/de\/sistemazioni\/mobilheime-vada\/\"><img loading=\"lazy\" decoding=\"async\" width=\"1024\" height=\"579\" src=\"https:\/\/www.letamerici.it\/wp-content\/uploads\/2015\/11\/IMAG2513-1024x579.jpg\" class=\"attachment-large size-large wp-post-image\" alt=\"\" srcset=\"https:\/\/www.letamerici.it\/wp-content\/uploads\/2015\/11\/IMAG2513-1024x579.jpg 1024w, https:\/\/www.letamerici.it\/wp-content\/uploads\/2015\/11\/IMAG2513-300x170.jpg 300w, https:\/\/www.letamerici.it\/wp-content\/uploads\/2015\/11\/IMAG2513-768x434.jpg 768w, https:\/\/www.letamerici.it\/wp-content\/uploads\/2015\/11\/IMAG2513-1536x869.jpg 1536w, https:\/\/www.letamerici.it\/wp-content\/uploads\/2015\/11\/IMAG2513-2048x1158.jpg 2048w, https:\/\/www.letamerici.it\/wp-content\/uploads\/2015\/11\/IMAG2513-scaled.jpg 1900w\" sizes=\"auto, (max-width: 1024px) 100vw, 1024px\" \/><\/a>\n\n    <\/div>\n    <div class=\"element element_1  title_link \">\n                    <a target=\"\" href=\"https:\/\/www.letamerici.it\/de\/sistemazioni\/mobilheime-vada\/\">Mobilheime Vada<\/a>\n            <\/div>\n    <div class=\"element element_2  excerpt \">\n                    <\/div>\n            <a class=\"element element_3  read_more \" target=\"\" href=\"https:\/\/www.letamerici.it\/de\/sistemazioni\/mobilheime-vada\/\"><\/a>\n    \n    <\/div>\n        <\/div>\n    <\/div><div class=\"item item-13300 skin flat even 8 \">\n                <div class=\"layer-wrapper layout-\">\n                <div class=\"layer-media\"><\/div>\n    <div class=\"layer-content\">\n            <div class=\"element element_0  element-media \">\n        <a target=\"_self\" href=\"https:\/\/www.letamerici.it\/de\/sistemazioni\/mobilheime-costa-rei\/\"><img loading=\"lazy\" decoding=\"async\" width=\"800\" height=\"600\" src=\"https:\/\/www.letamerici.it\/wp-content\/uploads\/2015\/11\/costa-rei1.jpg\" class=\"attachment-large size-large wp-post-image\" alt=\"\" srcset=\"https:\/\/www.letamerici.it\/wp-content\/uploads\/2015\/11\/costa-rei1.jpg 800w, https:\/\/www.letamerici.it\/wp-content\/uploads\/2015\/11\/costa-rei1-300x225.jpg 300w, https:\/\/www.letamerici.it\/wp-content\/uploads\/2015\/11\/costa-rei1-768x576.jpg 768w\" sizes=\"auto, (max-width: 800px) 100vw, 800px\" \/><\/a>\n\n    <\/div>\n    <div class=\"element element_1  title_link \">\n                    <a target=\"\" href=\"https:\/\/www.letamerici.it\/de\/sistemazioni\/mobilheime-costa-rei\/\">Mobilheime Costa Rei<\/a>\n            <\/div>\n    <div class=\"element element_2  excerpt \">\n                    <\/div>\n            <a class=\"element element_3  read_more \" target=\"\" href=\"https:\/\/www.letamerici.it\/de\/sistemazioni\/mobilheime-costa-rei\/\"><\/a>\n    \n    <\/div>\n        <\/div>\n    <\/div><div class=\"item item-13287 skin flat odd 9 \">\n                <div class=\"layer-wrapper layout-\">\n                <div class=\"layer-media\"><\/div>\n    <div class=\"layer-content\">\n            <div class=\"element element_0  element-media \">\n        <a target=\"_self\" href=\"https:\/\/www.letamerici.it\/de\/sistemazioni\/mobilheime-abel\/\"><img loading=\"lazy\" decoding=\"async\" width=\"800\" height=\"600\" src=\"https:\/\/www.letamerici.it\/wp-content\/uploads\/2015\/11\/abel1.jpg\" class=\"attachment-large size-large wp-post-image\" alt=\"\" srcset=\"https:\/\/www.letamerici.it\/wp-content\/uploads\/2015\/11\/abel1.jpg 800w, https:\/\/www.letamerici.it\/wp-content\/uploads\/2015\/11\/abel1-300x225.jpg 300w, https:\/\/www.letamerici.it\/wp-content\/uploads\/2015\/11\/abel1-768x576.jpg 768w\" sizes=\"auto, (max-width: 800px) 100vw, 800px\" \/><\/a>\n\n    <\/div>\n    <div class=\"element element_1  title_link \">\n                    <a target=\"\" href=\"https:\/\/www.letamerici.it\/de\/sistemazioni\/mobilheime-abel\/\">Mobilheime Abel<\/a>\n            <\/div>\n    <div class=\"element element_2  excerpt \">\n                    <\/div>\n            <a class=\"element element_3  read_more \" target=\"\" href=\"https:\/\/www.letamerici.it\/de\/sistemazioni\/mobilheime-abel\/\"><\/a>\n    \n    <\/div>\n        <\/div>\n    <\/div><div class=\"item item-13274 skin flat even 10 \">\n                <div class=\"layer-wrapper layout-\">\n                <div class=\"layer-media\"><\/div>\n    <div class=\"layer-content\">\n            <div class=\"element element_0  element-media \">\n        <a target=\"_self\" href=\"https:\/\/www.letamerici.it\/de\/sistemazioni\/mobilheime-bine\/\"><img loading=\"lazy\" decoding=\"async\" width=\"800\" height=\"600\" src=\"https:\/\/www.letamerici.it\/wp-content\/uploads\/2015\/11\/bine1.jpg\" class=\"attachment-large size-large wp-post-image\" alt=\"\" srcset=\"https:\/\/www.letamerici.it\/wp-content\/uploads\/2015\/11\/bine1.jpg 800w, https:\/\/www.letamerici.it\/wp-content\/uploads\/2015\/11\/bine1-300x225.jpg 300w, https:\/\/www.letamerici.it\/wp-content\/uploads\/2015\/11\/bine1-768x576.jpg 768w\" sizes=\"auto, (max-width: 800px) 100vw, 800px\" \/><\/a>\n\n    <\/div>\n    <div class=\"element element_1  title_link \">\n                    <a target=\"\" href=\"https:\/\/www.letamerici.it\/de\/sistemazioni\/mobilheime-bine\/\">Mobilheime Bine<\/a>\n            <\/div>\n    <div class=\"element element_2  excerpt \">\n                    <\/div>\n            <a class=\"element element_3  read_more \" target=\"\" href=\"https:\/\/www.letamerici.it\/de\/sistemazioni\/mobilheime-bine\/\"><\/a>\n    \n    <\/div>\n        <\/div>\n    <\/div><div class=\"item item-13321 skin flat odd 11 \">\n                <div class=\"layer-wrapper layout-\">\n                <div class=\"layer-media\"><\/div>\n    <div class=\"layer-content\">\n            <div class=\"element element_0  element-media \">\n        <a target=\"_self\" href=\"https:\/\/www.letamerici.it\/de\/sistemazioni\/mobilheime-nuraghe\/\"><img loading=\"lazy\" decoding=\"async\" width=\"800\" height=\"532\" src=\"https:\/\/www.letamerici.it\/wp-content\/uploads\/2015\/11\/nuraghe01.jpg\" class=\"attachment-large size-large wp-post-image\" alt=\"\" srcset=\"https:\/\/www.letamerici.it\/wp-content\/uploads\/2015\/11\/nuraghe01.jpg 800w, https:\/\/www.letamerici.it\/wp-content\/uploads\/2015\/11\/nuraghe01-300x200.jpg 300w, https:\/\/www.letamerici.it\/wp-content\/uploads\/2015\/11\/nuraghe01-768x511.jpg 768w\" sizes=\"auto, (max-width: 800px) 100vw, 800px\" \/><\/a>\n\n    <\/div>\n    <div class=\"element element_1  title_link \">\n                    <a target=\"\" href=\"https:\/\/www.letamerici.it\/de\/sistemazioni\/mobilheime-nuraghe\/\">Mobilheime Nuraghe<\/a>\n            <\/div>\n    <div class=\"element element_2  excerpt \">\n                    <\/div>\n            <a class=\"element element_3  read_more \" target=\"\" href=\"https:\/\/www.letamerici.it\/de\/sistemazioni\/mobilheime-nuraghe\/\"><\/a>\n    \n    <\/div>\n        <\/div>\n    <\/div><div class=\"item item-13432 skin flat even 12 \">\n                <div class=\"layer-wrapper layout-\">\n                <div class=\"layer-media\"><\/div>\n    <div class=\"layer-content\">\n            <div class=\"element element_0  element-media \">\n        <a target=\"_self\" href=\"https:\/\/www.letamerici.it\/de\/sistemazioni\/mobilheime-adda\/\"><img loading=\"lazy\" decoding=\"async\" width=\"1000\" height=\"666\" src=\"https:\/\/www.letamerici.it\/wp-content\/uploads\/2015\/11\/adda0.jpg\" class=\"attachment-large size-large wp-post-image\" alt=\"\" srcset=\"https:\/\/www.letamerici.it\/wp-content\/uploads\/2015\/11\/adda0.jpg 1000w, https:\/\/www.letamerici.it\/wp-content\/uploads\/2015\/11\/adda0-300x200.jpg 300w, https:\/\/www.letamerici.it\/wp-content\/uploads\/2015\/11\/adda0-768x511.jpg 768w\" sizes=\"auto, (max-width: 1000px) 100vw, 1000px\" \/><\/a>\n\n    <\/div>\n    <div class=\"element element_1  title_link \">\n                    <a target=\"\" href=\"https:\/\/www.letamerici.it\/de\/sistemazioni\/mobilheime-adda\/\">Mobilheime Adda<\/a>\n            <\/div>\n    <div class=\"element element_2  excerpt \">\n                    <\/div>\n            <a class=\"element element_3  read_more \" target=\"\" href=\"https:\/\/www.letamerici.it\/de\/sistemazioni\/mobilheime-adda\/\"><\/a>\n    \n    <\/div>\n        <\/div>\n    <\/div>        <\/div>\n        <div class=\"pagination\">\n            <div class=\"paginate\">\n            <\/div>\n    <style type=\"text\/css\">\n        #post-grid-23856 .pagination .page-numbers {\n            font-size: 16px;\n            color: #fff;\n            background: #646464;\n        }\n\n        #post-grid-23856 .pagination .page-numbers:hover,\n        #post-grid-23856 .pagination .page-numbers.current {\n            background: #4b4b4b;\n        }\n    <\/style>\n    <\/div>\n    \n\n        <script>\n        \n            <\/script>\n        <style type=\"text\/css\">\n        #post-grid-23856 .element_0 {\n            display: block;font-size: 21px;line-height: normal;padding: 5px 10px;text-align: left; text-decoration: none;        }\n\n        #post-grid-23856 .element_1 {\n            display: block;font-size: 21px;line-height: normal;padding: 5px 10px;text-align: left; text-decoration: none;        }\n\n        #post-grid-23856 .element_2 {\n            display: block;font-size: 14px;padding: 5px 10px;text-align: left;        }\n\n        #post-grid-23856 .element_3 {\n            display: block;font-size: 12px;font-weight: bold;padding: 0 10px;text-align: left;text-decoration: none;        }\n\n        #post-grid-23856 .element_0:hover{}#post-grid-23856 .element_1:hover{}#post-grid-23856 .element_2:hover{}#post-grid-23856 .element_3:hover{}    <\/style>\n    <style type=\"text\/css\">\n        #post-grid-23856 {\n            padding: 10px;\n                    }\n\n        #post-grid-23856 .item {\n            \/*             margin:;\n         *\/\n            padding: 0px;\n            background: #fff;\n                    }\n\n        #post-grid-23856 .item .layer-media {\n            height:auto;        }\n\n        @media only screen and (min-width: 0px) and (max-width: 767px) {\n            #post-grid-23856 .grid-items {\n                display: grid;\n                grid-template-columns: 1fr ;\n                column-gap: 10px;\n                row-gap: 10px;\n                ;\n\n            }\n\n            #post-grid-23856 .item {\n                height:auto;            }\n        }\n\n        @media only screen and (min-width: 768px) and (max-width: 1023px) {\n            #post-grid-23856 .grid-items {\n                display: grid;\n                grid-template-columns: 1fr 1fr ;\n                column-gap: 10px;\n                row-gap: 10px             }\n\n            #post-grid-23856 .item {\n                max-height:auto;            }\n        }\n\n        @media only screen and (min-width: 1024px) {\n            #post-grid-23856 .grid-items {\n                display: grid;\n                grid-template-columns: 1fr 1fr 1fr ;\n                column-gap: 10px;\n                row-gap: 10px;\n                            }\n\n            #post-grid-23856 .item {\n                height:auto;            }\n        }\n\n            <\/style>\n    <\/div>\n[\/vc_column_text][\/vc_column][\/vc_row]<\/p>\n","protected":false},"excerpt":{"rendered":"<p>[vc_row css=&#8220;.vc_custom_1615892190091{padding-bottom: 50px !important;}&#8220;][vc_column][vc_custom_heading text=&#8220;WO \u00dcBERNACHTEN&#8220; font_container=&#8220;tag:h4|font_size:16|text_align:center&#8220; use_theme_fonts=&#8220;yes&#8220; css=&#8220;.vc_custom_1617960297795{padding-bottom: 8px !important;}&#8220;][vc_separator color=&#8220;sky&#8220; el_width=&#8220;10&#8243;][vc_custom_heading text=&#8220;Mobilheime in Cecina&#8220; font_container=&#8220;tag:h2|text_align:center&#8220; use_theme_fonts=&#8220;yes&#8220; css=&#8220;.vc_custom_1617960305434{padding-top: 13px !important;}&#8220;][vc_empty_space][vc_column_text] Relaxen und Spa\u00df haben nur wenige Schritte vom Meer entfernt, zwischen den hundertj\u00e4hrigen Pinienw\u00e4ldern von Marina di Cecina und der sch\u00f6nen H\u00fcgellandschaft derToskana. Der Camping Village Le Tamerici bietet Ihnen bequeme Mobilheime um sch\u00f6ne [&hellip;]<\/p>\n","protected":false},"author":2,"featured_media":0,"parent":0,"menu_order":0,"comment_status":"closed","ping_status":"closed","template":"","meta":{"footnotes":"","_expiration-date-status":"","_expiration-date":0,"_expiration-date-type":"","_expiration-date-categories":[],"_expiration-date-options":[]},"class_list":["post-12504","page","type-page","status-publish","hentry"],"_links":{"self":[{"href":"https:\/\/www.letamerici.it\/de\/wp-json\/wp\/v2\/pages\/12504","targetHints":{"allow":["GET"]}}],"collection":[{"href":"https:\/\/www.letamerici.it\/de\/wp-json\/wp\/v2\/pages"}],"about":[{"href":"https:\/\/www.letamerici.it\/de\/wp-json\/wp\/v2\/types\/page"}],"author":[{"embeddable":true,"href":"https:\/\/www.letamerici.it\/de\/wp-json\/wp\/v2\/users\/2"}],"replies":[{"embeddable":true,"href":"https:\/\/www.letamerici.it\/de\/wp-json\/wp\/v2\/comments?post=12504"}],"version-history":[{"count":2,"href":"https:\/\/www.letamerici.it\/de\/wp-json\/wp\/v2\/pages\/12504\/revisions"}],"predecessor-version":[{"id":23875,"href":"https:\/\/www.letamerici.it\/de\/wp-json\/wp\/v2\/pages\/12504\/revisions\/23875"}],"wp:attachment":[{"href":"https:\/\/www.letamerici.it\/de\/wp-json\/wp\/v2\/media?parent=12504"}],"curies":[{"name":"wp","href":"https:\/\/api.w.org\/{rel}","templated":true}]}}