{"id":12485,"date":"2021-03-15T11:05:55","date_gmt":"2021-03-15T10:05:55","guid":{"rendered":"http:\/\/nuovo.letamerici.it\/glamping\/"},"modified":"2023-03-07T09:18:04","modified_gmt":"2023-03-07T08:18:04","slug":"glamping-zelte-in-cecina","status":"publish","type":"page","link":"https:\/\/www.letamerici.it\/de\/glamping-zelte-in-cecina\/","title":{"rendered":"Glamping Zelte in Cecina"},"content":{"rendered":"<p>[vc_row css=&#8220;.vc_custom_1615892190091{padding-bottom: 50px !important;}&#8220;][vc_column][vc_custom_heading text=&#8220;WO \u00dcBERNACHTEN&#8220; font_container=&#8220;tag:h4|font_size:16|text_align:center&#8220; use_theme_fonts=&#8220;yes&#8220; css=&#8220;.vc_custom_1617959698695{padding-bottom: 8px !important;}&#8220;][vc_separator color=&#8220;sky&#8220; el_width=&#8220;10&#8243;][vc_custom_heading text=&#8220;Glamping Zelte&#8220; font_container=&#8220;tag:h2|text_align:center&#8220; use_theme_fonts=&#8220;yes&#8220; css=&#8220;.vc_custom_1617959704173{padding-top: 13px !important;}&#8220;][vc_empty_space][vc_column_text]<\/p>\n<div class=\"vc_row wpb_row vc_row-fluid\">\n<div class=\"wpb_column vc_column_container vc_col-sm-12\">\n<div class=\"vc_column-inner\">\n<div class=\"wpb_wrapper\">\n<div class=\"wpb_text_column wpb_content_element \">\n<div class=\"wpb_wrapper\">\n<div class=\"wpb_text_column wpb_content_element \">\n<div class=\"wpb_wrapper\">\n<p style=\"text-align: center;\"><strong>Camping<\/strong> \u2026 mit Stil!<\/p>\n<p style=\"text-align: center;\">Entdecken Sie die neuen <strong>glamping<\/strong> <strong>Zelte<\/strong> im <strong>New Camping Le Tamerici<\/strong> f\u00fcr einen gem\u00fctlichen Urlaub mitten in der Natur, in n\u00e4chster N\u00e4he vom Meer von <strong>Marina di Cecina<\/strong>, im Herzen der <strong>etruskischen K\u00fcste<\/strong>, in der <strong>Toskana<\/strong>.<\/p>\n<p>&nbsp;<\/p>\n<p style=\"text-align: center;\">Komfortabel und gem\u00fctlich, ideal f\u00fcr einen <strong>Familienurlaub<\/strong> , mit <strong>Freunden<\/strong> oder f\u00fcr ein romantisches Wochenende zu zweit! Die <strong>glamping Zelte<\/strong> sind glamour\u00f6se Unterk\u00fcnfte f\u00fcr unternehmungslustige und neugierige Touristen, Naturliebhaber und mit Liebe f\u00fcr das Detail!<\/p>\n<p>&nbsp;<\/p>\n<p style=\"text-align: center;\">Deswegen nicht nur <strong>Camping<\/strong>, sondern auch <strong>glamping<\/strong> <strong>Ferien<\/strong> im New Camping Le Tamerici!<\/p>\n<\/div>\n<\/div>\n<\/div>\n<\/div>\n<\/div>\n<\/div>\n<\/div>\n<\/div>\n<p>[\/vc_column_text][vc_column_text]            <div id=\"post-grid-lazy-23854\" class=\"post-grid-lazy\"><img decoding=\"async\" alt=\"\" src=\"\" \/><\/div>\n        <script>\n            jQuery('#post-grid-lazy-23854').ready(function($) {\n                $('#post-grid-lazy-23854').fadeOut();\n                $('#post-grid-23854   ').fadeIn();\n            })\n        <\/script>\n        <style type=\"text\/css\">\n            #post-grid-23854 {\n                display: none;\n            }\n\n            .post-grid-lazy {\n                text-align: center;\n            }\n        <\/style>\n        <div data-options='{&quot;id&quot;:&quot;23854&quot;,&quot;lazy_load&quot;:&quot;yes&quot;,&quot;masonry_enable&quot;:&quot;no&quot;,&quot;view_type&quot;:&quot;grid&quot;}' id=\"post-grid-23854\" class=\"post-grid grid\">\n                <div class=\"grid-items\">\n            <div class=\"item item-13487 skin flat even 0 \">\n                <div class=\"layer-wrapper layout-\">\n                <div class=\"layer-media\"><\/div>\n    <div class=\"layer-content\">\n            <div class=\"element element_0  element-media \">\n        <a target=\"_self\" href=\"https:\/\/www.letamerici.it\/de\/sistemazioni\/glamping-zelte-safari-in-cecina\/\"><img loading=\"lazy\" decoding=\"async\" width=\"1024\" height=\"768\" src=\"https:\/\/www.letamerici.it\/wp-content\/uploads\/2017\/10\/Safari-1-1024x768-1.jpg\" class=\"attachment-large size-large wp-post-image\" alt=\"\" srcset=\"https:\/\/www.letamerici.it\/wp-content\/uploads\/2017\/10\/Safari-1-1024x768-1.jpg 1024w, https:\/\/www.letamerici.it\/wp-content\/uploads\/2017\/10\/Safari-1-1024x768-1-300x225.jpg 300w, https:\/\/www.letamerici.it\/wp-content\/uploads\/2017\/10\/Safari-1-1024x768-1-768x576.jpg 768w\" sizes=\"auto, (max-width: 1024px) 100vw, 1024px\" \/><\/a>\n\n    <\/div>\n    <div class=\"element element_1  title_link \">\n                    <a target=\"\" href=\"https:\/\/www.letamerici.it\/de\/sistemazioni\/glamping-zelte-safari-in-cecina\/\">Zelte SAFARI<\/a>\n            <\/div>\n    <div class=\"element element_2  excerpt \">\n                    <\/div>\n            <a class=\"element element_3  read_more \" target=\"\" href=\"https:\/\/www.letamerici.it\/de\/sistemazioni\/glamping-zelte-safari-in-cecina\/\"><\/a>\n    \n    <\/div>\n        <\/div>\n    <\/div><div class=\"item item-13515 skin flat odd 1 \">\n                <div class=\"layer-wrapper layout-\">\n                <div class=\"layer-media\"><\/div>\n    <div class=\"layer-content\">\n            <div class=\"element element_0  element-media \">\n        <a target=\"_self\" href=\"https:\/\/www.letamerici.it\/de\/sistemazioni\/glamping-zelte-comfort-in-cecina\/\"><img loading=\"lazy\" decoding=\"async\" width=\"1024\" height=\"768\" src=\"https:\/\/www.letamerici.it\/wp-content\/uploads\/2017\/03\/Comfort-2-1024x768.jpg\" class=\"attachment-large size-large wp-post-image\" alt=\"\" srcset=\"https:\/\/www.letamerici.it\/wp-content\/uploads\/2017\/03\/Comfort-2-1024x768.jpg 1024w, https:\/\/www.letamerici.it\/wp-content\/uploads\/2017\/03\/Comfort-2-300x225.jpg 300w, https:\/\/www.letamerici.it\/wp-content\/uploads\/2017\/03\/Comfort-2-768x576.jpg 768w, https:\/\/www.letamerici.it\/wp-content\/uploads\/2017\/03\/Comfort-2-1536x1152.jpg 1536w, https:\/\/www.letamerici.it\/wp-content\/uploads\/2017\/03\/Comfort-2-2048x1536.jpg 2048w, https:\/\/www.letamerici.it\/wp-content\/uploads\/2017\/03\/Comfort-2-scaled.jpg 1900w\" sizes=\"auto, (max-width: 1024px) 100vw, 1024px\" \/><\/a>\n\n    <\/div>\n    <div class=\"element element_1  title_link \">\n                    <a target=\"\" href=\"https:\/\/www.letamerici.it\/de\/sistemazioni\/glamping-zelte-comfort-in-cecina\/\">Zelte COMFORT<\/a>\n            <\/div>\n    <div class=\"element element_2  excerpt \">\n                    <\/div>\n            <a class=\"element element_3  read_more \" target=\"\" href=\"https:\/\/www.letamerici.it\/de\/sistemazioni\/glamping-zelte-comfort-in-cecina\/\"><\/a>\n    \n    <\/div>\n        <\/div>\n    <\/div><div class=\"item item-13506 skin flat even 2 \">\n                <div class=\"layer-wrapper layout-\">\n                <div class=\"layer-media\"><\/div>\n    <div class=\"layer-content\">\n            <div class=\"element element_0  element-media \">\n        <a target=\"_self\" href=\"https:\/\/www.letamerici.it\/de\/sistemazioni\/glamping-zelte-family-in-cecina\/\"><img loading=\"lazy\" decoding=\"async\" width=\"911\" height=\"605\" src=\"https:\/\/www.letamerici.it\/wp-content\/uploads\/2017\/03\/Tenda-Family.jpg\" class=\"attachment-large size-large wp-post-image\" alt=\"\" srcset=\"https:\/\/www.letamerici.it\/wp-content\/uploads\/2017\/03\/Tenda-Family.jpg 911w, https:\/\/www.letamerici.it\/wp-content\/uploads\/2017\/03\/Tenda-Family-300x199.jpg 300w, https:\/\/www.letamerici.it\/wp-content\/uploads\/2017\/03\/Tenda-Family-768x510.jpg 768w\" sizes=\"auto, (max-width: 911px) 100vw, 911px\" \/><\/a>\n\n    <\/div>\n    <div class=\"element element_1  title_link \">\n                    <a target=\"\" href=\"https:\/\/www.letamerici.it\/de\/sistemazioni\/glamping-zelte-family-in-cecina\/\">Zelte FAMILY<\/a>\n            <\/div>\n    <div class=\"element element_2  excerpt \">\n                    <\/div>\n            <a class=\"element element_3  read_more \" target=\"\" href=\"https:\/\/www.letamerici.it\/de\/sistemazioni\/glamping-zelte-family-in-cecina\/\"><\/a>\n    \n    <\/div>\n        <\/div>\n    <\/div>        <\/div>\n        <div class=\"pagination\">\n            <div class=\"paginate\">\n            <\/div>\n    <style type=\"text\/css\">\n        #post-grid-23854 .pagination .page-numbers {\n            font-size: 16px;\n            color: #fff;\n            background: #646464;\n        }\n\n        #post-grid-23854 .pagination .page-numbers:hover,\n        #post-grid-23854 .pagination .page-numbers.current {\n            background: #4b4b4b;\n        }\n    <\/style>\n    <\/div>\n    \n\n        <script>\n        \n            <\/script>\n        <style type=\"text\/css\">\n        #post-grid-23854 .element_0 {\n            display: block;font-size: 21px;line-height: normal;padding: 5px 10px;text-align: left; text-decoration: none;        }\n\n        #post-grid-23854 .element_1 {\n            display: block;font-size: 21px;line-height: normal;padding: 5px 10px;text-align: left; text-decoration: none;        }\n\n        #post-grid-23854 .element_2 {\n            display: block;font-size: 14px;padding: 5px 10px;text-align: left;        }\n\n        #post-grid-23854 .element_3 {\n            display: block;font-size: 12px;font-weight: bold;padding: 0 10px;text-align: left;text-decoration: none;        }\n\n        #post-grid-23854 .element_0:hover{}#post-grid-23854 .element_1:hover{}#post-grid-23854 .element_2:hover{}#post-grid-23854 .element_3:hover{}    <\/style>\n    <style type=\"text\/css\">\n        #post-grid-23854 {\n            padding: 10px;\n                    }\n\n        #post-grid-23854 .item {\n            \/*             margin:;\n         *\/\n            padding: 0px;\n            background: #fff;\n                    }\n\n        #post-grid-23854 .item .layer-media {\n            height:auto;        }\n\n        @media only screen and (min-width: 0px) and (max-width: 767px) {\n            #post-grid-23854 .grid-items {\n                display: grid;\n                grid-template-columns: 1fr ;\n                column-gap: 10px;\n                row-gap: 10px;\n                ;\n\n            }\n\n            #post-grid-23854 .item {\n                height:auto;            }\n        }\n\n        @media only screen and (min-width: 768px) and (max-width: 1023px) {\n            #post-grid-23854 .grid-items {\n                display: grid;\n                grid-template-columns: 1fr 1fr ;\n                column-gap: 10px;\n                row-gap: 10px             }\n\n            #post-grid-23854 .item {\n                max-height:auto;            }\n        }\n\n        @media only screen and (min-width: 1024px) {\n            #post-grid-23854 .grid-items {\n                display: grid;\n                grid-template-columns: 1fr 1fr 1fr ;\n                column-gap: 10px;\n                row-gap: 10px;\n                            }\n\n            #post-grid-23854 .item {\n                height:auto;            }\n        }\n\n            <\/style>\n    <\/div>\n[\/vc_column_text][\/vc_column][\/vc_row]<\/p>\n","protected":false},"excerpt":{"rendered":"<p>[vc_row css=&#8220;.vc_custom_1615892190091{padding-bottom: 50px !important;}&#8220;][vc_column][vc_custom_heading text=&#8220;WO \u00dcBERNACHTEN&#8220; font_container=&#8220;tag:h4|font_size:16|text_align:center&#8220; use_theme_fonts=&#8220;yes&#8220; css=&#8220;.vc_custom_1617959698695{padding-bottom: 8px !important;}&#8220;][vc_separator color=&#8220;sky&#8220; el_width=&#8220;10&#8243;][vc_custom_heading text=&#8220;Glamping Zelte&#8220; font_container=&#8220;tag:h2|text_align:center&#8220; use_theme_fonts=&#8220;yes&#8220; css=&#8220;.vc_custom_1617959704173{padding-top: 13px !important;}&#8220;][vc_empty_space][vc_column_text] Camping \u2026 mit Stil! Entdecken Sie die neuen glamping Zelte im New Camping Le Tamerici f\u00fcr einen gem\u00fctlichen Urlaub mitten in der Natur, in n\u00e4chster N\u00e4he vom Meer von Marina di Cecina, im Herzen der [&hellip;]<\/p>\n","protected":false},"author":2,"featured_media":0,"parent":0,"menu_order":0,"comment_status":"closed","ping_status":"closed","template":"","meta":{"footnotes":"","_expiration-date-status":"","_expiration-date":0,"_expiration-date-type":"","_expiration-date-categories":[],"_expiration-date-options":[]},"class_list":["post-12485","page","type-page","status-publish","hentry"],"_links":{"self":[{"href":"https:\/\/www.letamerici.it\/de\/wp-json\/wp\/v2\/pages\/12485","targetHints":{"allow":["GET"]}}],"collection":[{"href":"https:\/\/www.letamerici.it\/de\/wp-json\/wp\/v2\/pages"}],"about":[{"href":"https:\/\/www.letamerici.it\/de\/wp-json\/wp\/v2\/types\/page"}],"author":[{"embeddable":true,"href":"https:\/\/www.letamerici.it\/de\/wp-json\/wp\/v2\/users\/2"}],"replies":[{"embeddable":true,"href":"https:\/\/www.letamerici.it\/de\/wp-json\/wp\/v2\/comments?post=12485"}],"version-history":[{"count":1,"href":"https:\/\/www.letamerici.it\/de\/wp-json\/wp\/v2\/pages\/12485\/revisions"}],"predecessor-version":[{"id":23874,"href":"https:\/\/www.letamerici.it\/de\/wp-json\/wp\/v2\/pages\/12485\/revisions\/23874"}],"wp:attachment":[{"href":"https:\/\/www.letamerici.it\/de\/wp-json\/wp\/v2\/media?parent=12485"}],"curies":[{"name":"wp","href":"https:\/\/api.w.org\/{rel}","templated":true}]}}