{"id":12455,"date":"2021-03-25T10:24:06","date_gmt":"2021-03-25T09:24:06","guid":{"rendered":"http:\/\/nuovo.letamerici.it\/?page_id=12455"},"modified":"2021-04-14T09:25:51","modified_gmt":"2021-04-14T07:25:51","slug":"campingplatz-in-cecina","status":"publish","type":"page","link":"https:\/\/www.letamerici.it\/de\/campingplatz-in-cecina\/","title":{"rendered":"Campingplatz"},"content":{"rendered":"<p>[vc_row css=&#8220;.vc_custom_1615892190091{padding-bottom: 50px !important;}&#8220;][vc_column][vc_custom_heading text=&#8220;WO \u00dcBERNACHTEN&#8220; font_container=&#8220;tag:h4|font_size:16|text_align:center&#8220; use_theme_fonts=&#8220;yes&#8220; css=&#8220;.vc_custom_1617959260535{padding-bottom: 8px !important;}&#8220;][vc_separator color=&#8220;sky&#8220; el_width=&#8220;10&#8243;][vc_custom_heading text=&#8220;Campingplatz&#8220; font_container=&#8220;tag:h2|text_align:center&#8220; use_theme_fonts=&#8220;yes&#8220; css=&#8220;.vc_custom_1617959270421{padding-top: 13px !important;}&#8220;][vc_empty_space][vc_column_text]<\/p>\n<p style=\"text-align: center;\">F\u00fcr diejenigen die Ihre <b>Ferien<\/b> in der freien Natur und in Freiheit genie\u00dfen m\u00f6chten, bietet der<b>Camping Village Le Tamerici<\/b> gro\u00dfe Stellpl\u00e4tze von verschiedenen Gr\u00f6\u00dfen an, ideal f\u00fcr Zelte, Wohnmobile und Wohnwagen.<br \/>\nDie Stellpl\u00e4tze befinden sich im Schatten und verf\u00fcgen \u00fcber Stromanschluss.<\/p>\n<p>&nbsp;<\/p>\n<p style=\"text-align: center;\">Auf dem Stellplatz ist es nicht gestattet, das Auto abzustellen. Im <b>Camping<\/b> befinden sich 4 Sanit\u00e4ranlagen mit B\u00e4dern, Duschen mit warmen Wasser, Waschbecken.<br \/>\nSp\u00fclbecken f\u00fcr Kleidung und Geschirr.<\/p>\n<p>&nbsp;<\/p>\n<p style=\"text-align: center;\">Au\u00dferdem haben Sie die M\u00f6glichkeit von Barbecue- Grillpl\u00e4tzen zur gemeinsamen Nutzung, Waschmaschinen e W\u00e4schetrockner mit M\u00fcnzen, behindertengerechte B\u00e4der und Duschen und Chemietoilette<\/p>\n<p>&nbsp;<\/p>\n<p style=\"text-align: center;\">Der <b>Camper Rastplatz<\/b> des <b>Camping Village Le Tamerici<\/b> ist der ideale Zwischenstopp f\u00fcr alle Camper die einfache und formlose <b>Ferien<\/b> bevorzugen, in der N\u00e4he vom <b>Meer<\/b>, im vollkommenen <b>Relax<\/b> und <b>Unterhaltung<\/b>, und in der noch unber\u00fchrten <b>Natur<\/b>.<\/p>\n<p>&nbsp;<\/p>\n<p style=\"text-align: center;\">Die Stellpl\u00e4tze f\u00fcr kurze Zwischenstopps (maximal 7 N\u00e4chte) sind hell und freundlich, alle mit Stromanschluss versehen und in der N\u00e4he der Sanit\u00e4ranlagen.<\/p>\n<p>&nbsp;<\/p>\n<p style=\"text-align: center;\">Die Camper die sich dazu entschliessen, auf dem <b>Camper Rastplatz<\/b> des <b>Camping Village Le Tamerici<\/b> zu halten, k\u00f6nnen alle Servicebereiche des <b>Village<\/b> nutzen, ohne weitere Zusatzkosten.<br \/>\nDie Stellpl\u00e4tze des <b>Camper Rastplatz<\/b> k\u00f6nnen nicht reserviert werden.<\/p>\n<p>[\/vc_column_text][vc_single_image image=&#8220;2367&#8243; img_size=&#8220;large&#8220; alignment=&#8220;center&#8220; onclick=&#8220;link_image&#8220; css=&#8220;.vc_custom_1616664431689{padding-top: 30px !important;}&#8220;][\/vc_column][\/vc_row][vc_row full_width=&#8220;stretch_row_content&#8220; css=&#8220;.vc_custom_1618385148996{padding-right: 10% !important;padding-left: 10% !important;}&#8220; el_class=&#8220;flexxiamo&#8220;][vc_column width=&#8220;1\/3&#8243; css=&#8220;.vc_custom_1615892991278{padding-right: 5% !important;padding-left: 5% !important;}&#8220;][vc_widget_sidebar sidebar_id=&#8220;nd_cc_sidebar_cpt_1&#8243;][\/vc_column][vc_column width=&#8220;2\/3&#8243;]\n\n\t<script type=\"text\/javascript\">\n    \/\/<![CDATA[\n    \n    jQuery(document).ready(function() {\n\n      \/\/START masonry\n      jQuery(function ($) {\n        \n        \/\/Masonry\n    \t\tvar $nd_booking_masonry_content = $(\".nd_booking_masonry_content\").imagesLoaded( function() {\n    \t\t  \/\/ init Masonry after all images have loaded\n    \t\t  $nd_booking_masonry_content.masonry({\n    \t\t    itemSelector: \".nd_booking_masonry_item\"\n    \t\t  });\n    \t\t});\n\n      });\n      \/\/END masonry\n\n    });\n\n    \/\/]]>\n  <\/script>\n\n<div class=\"nd_booking_section nd_booking_rooms_component_l4 nd_booking_masonry_content  \"><\/div>[\/vc_column][\/vc_row]<\/p>\n","protected":false},"excerpt":{"rendered":"<p>[vc_row css=&#8220;.vc_custom_1615892190091{padding-bottom: 50px !important;}&#8220;][vc_column][vc_custom_heading text=&#8220;WO \u00dcBERNACHTEN&#8220; font_container=&#8220;tag:h4|font_size:16|text_align:center&#8220; use_theme_fonts=&#8220;yes&#8220; css=&#8220;.vc_custom_1617959260535{padding-bottom: 8px !important;}&#8220;][vc_separator color=&#8220;sky&#8220; el_width=&#8220;10&#8243;][vc_custom_heading text=&#8220;Campingplatz&#8220; font_container=&#8220;tag:h2|text_align:center&#8220; use_theme_fonts=&#8220;yes&#8220; css=&#8220;.vc_custom_1617959270421{padding-top: 13px !important;}&#8220;][vc_empty_space][vc_column_text] F\u00fcr diejenigen die Ihre Ferien in der freien Natur und in Freiheit genie\u00dfen m\u00f6chten, bietet derCamping Village Le Tamerici gro\u00dfe Stellpl\u00e4tze von verschiedenen Gr\u00f6\u00dfen an, ideal f\u00fcr Zelte, Wohnmobile und Wohnwagen. Die Stellpl\u00e4tze befinden sich im [&hellip;]<\/p>\n","protected":false},"author":2,"featured_media":0,"parent":0,"menu_order":0,"comment_status":"closed","ping_status":"closed","template":"","meta":{"footnotes":"","_expiration-date-status":"","_expiration-date":0,"_expiration-date-type":"","_expiration-date-categories":[],"_expiration-date-options":[]},"class_list":["post-12455","page","type-page","status-publish","hentry"],"_links":{"self":[{"href":"https:\/\/www.letamerici.it\/de\/wp-json\/wp\/v2\/pages\/12455","targetHints":{"allow":["GET"]}}],"collection":[{"href":"https:\/\/www.letamerici.it\/de\/wp-json\/wp\/v2\/pages"}],"about":[{"href":"https:\/\/www.letamerici.it\/de\/wp-json\/wp\/v2\/types\/page"}],"author":[{"embeddable":true,"href":"https:\/\/www.letamerici.it\/de\/wp-json\/wp\/v2\/users\/2"}],"replies":[{"embeddable":true,"href":"https:\/\/www.letamerici.it\/de\/wp-json\/wp\/v2\/comments?post=12455"}],"version-history":[{"count":0,"href":"https:\/\/www.letamerici.it\/de\/wp-json\/wp\/v2\/pages\/12455\/revisions"}],"wp:attachment":[{"href":"https:\/\/www.letamerici.it\/de\/wp-json\/wp\/v2\/media?parent=12455"}],"curies":[{"name":"wp","href":"https:\/\/api.w.org\/{rel}","templated":true}]}}